{"id":1944,"date":"2021-05-17T16:59:30","date_gmt":"2021-05-17T14:59:30","guid":{"rendered":"https:\/\/wp-europe.com\/fr\/?page_id=1944"},"modified":"2022-04-28T15:54:28","modified_gmt":"2022-04-28T13:54:28","slug":"wpe-deutsch","status":"publish","type":"page","link":"https:\/\/wp-europe.com\/fr\/wpe-deutsch\/","title":{"rendered":"WPE-Deutsch"},"content":{"rendered":"<p>[et_pb_section fb_built=\u00a0\u00bb1&Prime; _builder_version=\u00a0\u00bb4.14.7&Prime; _module_preset=\u00a0\u00bbdefault\u00a0\u00bb custom_padding=\u00a0\u00bb0px||0px||false|false\u00a0\u00bb hover_enabled=\u00a0\u00bb0&Prime; global_colors_info=\u00a0\u00bb{}\u00a0\u00bb custom_margin=\u00a0\u00bb0px||||false|false\u00a0\u00bb sticky_enabled=\u00a0\u00bb0&Prime;][et_pb_row _builder_version=\u00a0\u00bb4.14.7&Prime; _module_preset=\u00a0\u00bbdefault\u00a0\u00bb background_image=\u00a0\u00bbhttps:\/\/wp-europe.com\/fr\/wp-content\/uploads\/sites\/6\/2021\/02\/fond_languages_dark2.jpg\u00a0\u00bb max_width=\u00a0\u00bb1080px\u00a0\u00bb global_colors_info=\u00a0\u00bb{}\u00a0\u00bb][et_pb_column type=\u00a0\u00bb4_4&Prime; _builder_version=\u00a0\u00bb4.14.7&Prime; _module_preset=\u00a0\u00bbdefault\u00a0\u00bb global_colors_info=\u00a0\u00bb{}\u00a0\u00bb][dsm_lottie lottie_url=\u00a0\u00bbhttps:\/\/wp-europe.com\/fr\/wp-content\/uploads\/sites\/6\/2021\/03\/fleur_1x-1.json\u00a0\u00bb lottie_loop=\u00a0\u00bboff\u00a0\u00bb lottie_speed=\u00a0\u00bb1.3&Prime; _builder_version=\u00a0\u00bb4.9.1&Prime; _module_preset=\u00a0\u00bbdefault\u00a0\u00bb width=\u00a0\u00bb10%\u00a0\u00bb width_tablet=\u00a0\u00bb\u00a0\u00bb width_phone=\u00a0\u00bb25%\u00a0\u00bb width_last_edited=\u00a0\u00bbon|phone\u00a0\u00bb module_alignment=\u00a0\u00bbcenter\u00a0\u00bb custom_margin=\u00a0\u00bb150px||||false|false\u00a0\u00bb custom_margin_tablet=\u00a0\u00bb\u00a0\u00bb custom_margin_phone=\u00a0\u00bb0px||||false|false\u00a0\u00bb custom_margin_last_edited=\u00a0\u00bbon|phone\u00a0\u00bb custom_padding=\u00a0\u00bb||50px||false|false\u00a0\u00bb custom_padding_tablet=\u00a0\u00bb\u00a0\u00bb custom_padding_phone=\u00a0\u00bb||50px||false|false\u00a0\u00bb custom_padding_last_edited=\u00a0\u00bbon|phone\u00a0\u00bb locked=\u00a0\u00bboff\u00a0\u00bb global_colors_info=\u00a0\u00bb{}\u00a0\u00bb][\/dsm_lottie][et_pb_cta title=\u00a0\u00bbWillkommen\u00a0\u00bb button_text=\u00a0\u00bbClics\u00a0\u00bb _builder_version=\u00a0\u00bb4.14.7&Prime; _module_preset=\u00a0\u00bbdefault\u00a0\u00bb header_level=\u00a0\u00bbh3&Prime; header_font=\u00a0\u00bb|800||on|||||\u00a0\u00bb header_font_size=\u00a0\u00bb75px\u00a0\u00bb background_color=\u00a0\u00bbRGBA(255,255,255,0)\u00a0\u00bb header_text_shadow_style=\u00a0\u00bbpreset2&Prime; header_text_shadow_horizontal_length=\u00a0\u00bb0.06em\u00a0\u00bb header_text_shadow_vertical_length=\u00a0\u00bb0.06em\u00a0\u00bb header_text_shadow_blur_strength=\u00a0\u00bb0.06em\u00a0\u00bb global_colors_info=\u00a0\u00bb{}\u00a0\u00bb][\/et_pb_cta][\/et_pb_column][\/et_pb_row][\/et_pb_section][et_pb_section fb_built=\u00a0\u00bb1&Prime; _builder_version=\u00a0\u00bb4.9.1&Prime; _module_preset=\u00a0\u00bbdefault\u00a0\u00bb global_colors_info=\u00a0\u00bb{}\u00a0\u00bb][et_pb_row _builder_version=\u00a0\u00bb4.9.1&Prime; _module_preset=\u00a0\u00bbdefault\u00a0\u00bb max_width=\u00a0\u00bb1080px\u00a0\u00bb custom_padding=\u00a0\u00bb5px|||||\u00a0\u00bb global_colors_info=\u00a0\u00bb{}\u00a0\u00bb][et_pb_column type=\u00a0\u00bb4_4&Prime; _builder_version=\u00a0\u00bb4.9.1&Prime; _module_preset=\u00a0\u00bbdefault\u00a0\u00bb global_colors_info=\u00a0\u00bb{}\u00a0\u00bb][et_pb_text _builder_version=\u00a0\u00bb4.9.1&Prime; _module_preset=\u00a0\u00bbdefault\u00a0\u00bb custom_margin=\u00a0\u00bb||100px|||\u00a0\u00bb global_colors_info=\u00a0\u00bb{}\u00a0\u00bb]<\/p>\n<h3><strong>Pr\u00e4sentation<\/strong><\/h3>\n<p>\u00a0Wir sind Spezialisten f\u00fcr die Umwandlung von Polymeren in Halbzeuge sowie f\u00fcr die Bearbeitung von Kunststoffhalbzeugen f\u00fcr die Medizinproduktindustrie und Ausr\u00fcstung f\u00fcr die biopharmazeutische Industrie.<\/p>\n<p>\u00a0Das Unternehmen besch\u00e4ftigt an drei Produktionsst\u00e4tten in den USA und in Europa etwa 160\u00a0Mitarbeiter, wobei eine besondere Spezialisierung auf Anwendungen liegt, die technischen und regulatorischen Beschr\u00e4nkungen unterliegen (Gesundheit, Luftfahrt, Halbleiter).<\/p>\n<p>Unser Know-how umfasst sowohl die Umwandlung als auch die Bearbeitung von Polymeren. Wir verf\u00fcgen \u00fcber eine sehr lange Erfahrung in der Durchf\u00fchrung von technischen Projekten.<\/p>\n<p>Westlake Plastics Europe ist ein \u201eOne-Stop-Shop\u201c, der alles aus einer Hand bietet und seine Kunden bei der Auswahl und der Formulierung eines Polymers bis zur Serienfertigung durch alle Schritte der Konzeptqualifikation begleitet.<\/p>\n<p>\u00a0Die Nutzung unserer Dienstleistungen erm\u00f6glicht Ihnen, Zeit zu sparen und einen einzigen Gespr\u00e4chspartner f\u00fcr das Management Ihres Projekts und die Bearbeitung zu haben.<\/p>\n<p>&nbsp;<\/p>\n<h3><strong>\u201eLife Science\u201c Halbzeuge <\/strong><\/h3>\n<p><strong>PROPYLUX\u00ae HS: <\/strong>Extrudierte Polypropylenst\u00e4be, erh\u00e4ltlich in 15 Farben und 11 Standarddurchmessern. Nach ISO 10993 gepr\u00fcft. Im Autoklav bei 134\u00b0C\/18\u2019 und EtO sterilisierbar. Ideal f\u00fcr technische Werkst\u00fccke. Wirtschaftliches und leistungsstarkes Material.<\/p>\n<p><strong>PROPYLUX\u00ae HS2<\/strong>: Extrudierte Polypropylenst\u00e4be, erh\u00e4ltlich in 2 Farben und 8 Standarddurchmessern. Nach ISO 10993 gepr\u00fcft. Im Autoklav bei 134\u00b0C\/18\u2019 und EtO sterilisierbar. PROPYLUX\u00ae HS2 ist ideal f\u00fcr die Bearbeitung von kleinen Sterilisationsbeh\u00e4ltern oder die Beh\u00e4ltergestaltung geeignet.<\/p>\n<p><strong>RADEL\u00ae: <\/strong>Extrudierter Stab und d\u00fcnne Platte aus Polyphenylsulfon, erh\u00e4ltlich in 8 Farben und zahlreichen Abmessungen. Nach ISO 10993 gepr\u00fcft. Im Autoklav bei 134\u00b0C\/18\u2019 und EtO sterilisierbar. Dies ist das Material der Wahl f\u00fcr die technisch schwierigsten und anspruchsvollsten Teile. Radel ist au\u00dferordentlich widerstandsf\u00e4hig gegen\u00fcber Kompression und Schlageinwirkung, sodass die Bearbeitung sehr komplexer Geometrien m\u00f6glich ist. Premiummaterial f\u00fcr bearbeitete Medizinprodukte.<\/p>\n<p><strong>LENNITE\u2122: <\/strong>Extrudierter, implantierbarer Stab aus PE UHMW GUR1050 oder 1020, verwendet f\u00fcr Reibfl\u00e4chen von H\u00fcft-, Knie-, Schulter-, Kn\u00f6chel- oder Wirbels\u00e4ulenimplantaten. Gamma- oder EtO-Sterilisation.<\/p>\n<p><strong>ZELUX\u00ae GS: <\/strong>Bearbeitbares Polykarbonat f\u00fcr Einmalprodukte. Gamma-Sterilisation.<\/p>\n<p><strong>ETHYLUX\u00ae und ULTRA ETHYLUX\u00ae: <\/strong>Stab und Platte aus PE-LD und PE-HD, speziell f\u00fcr die Verwendung in BioPharma-Anwendungen.<\/p>\n<h3>\u00a0<strong>Spezifische Halbzeuge<\/strong><\/h3>\n<p><strong>AEROLITE CARBON\u00ae<\/strong><\/p>\n<p><strong>AROLUX\u2122 PEKK<\/strong><\/p>\n<p><strong>ZELUX\u00ae<\/strong><\/p>\n<p>&nbsp;<\/p>\n<h3><strong>Bearbeitungsleistungen<\/strong><\/h3>\n<p>Wir betreiben 23 Zentren und Drehmaschinen mit numerischer Steuerung, robotisiert und automatisiert mit einer besonderen Spezifikation: Ausschlie\u00dflich Kunststoff und Medizinprodukte.<\/p>\n<p>Unsere Organisation ist nach der Norm ISO 13485 zertifiziert und wir beherrschen das regulatorische Umfeld der \u201eMedizinprodukte\u201c perfekt.<\/p>\n<p>Dank unserer Dienstleistungsmethoden, die auf zahlreichen Jahren technischer Expertise basieren, steht Ihnen unser gesamtes Team zur Verf\u00fcgung, um Sie in den Konzeptionsphasen zu begleiten. Unsere Leistungen gehen von der Realisierung eines Prototyps bis zur Serienfertigung, wobei nach Ihren W\u00fcnschen alle Ihre technischen, qualitativen und regulatorischen Anforderungen Ber\u00fccksichtigung finden.<\/p>\n<p>Au\u00dferdem begleitet Sie unsere Qualit\u00e4ts- und Regulierungsabteilung, die von unserer Kompetenz in Sachen Material sowie Bearbeitung profitiert, und beantwortet alle Ihre Anfragen im Zusammenhang mit der Herstellung Ihrer Produkte.<\/p>\n<p>[\/et_pb_text][et_pb_text _builder_version=\u00a0\u00bb4.14.7&Prime; _module_preset=\u00a0\u00bbdefault\u00a0\u00bb header_2_font=\u00a0\u00bb|||on|||||\u00a0\u00bb header_3_font=\u00a0\u00bb|||on|||||\u00a0\u00bb header_3_text_color=\u00a0\u00bb#077584&Prime; text_orientation=\u00a0\u00bbcenter\u00a0\u00bb global_colors_info=\u00a0\u00bb{}\u00a0\u00bb]<\/p>\n<h3><img loading=\"lazy\" src=\"https:\/\/wp-europe.com\/fr\/wp-content\/uploads\/sites\/6\/2021\/01\/favicon-300x298.png\" width=\"41\" height=\"41\" alt=\"\" class=\"wp-image-88 alignnone size-medium\" \/><\/h3>\n<h3><a href=\"https:\/\/wp-europe.com\/fr\/#contact\">Kontakt<\/a><\/h3>\n<p><span>Westlake Plastics Europe<\/span><br \/><span>2 rue de Maestricht \u2014 59200 <\/span><span>TOURCOING FRANCE<\/span><\/p>\n<p><span>\u00a0<a href=\"mailto:contact@wp-europe.com\" target=\"_blank\" rel=\"noopener\">contact@wp-europe.com<\/a><\/span><\/p>\n<p><span>T\u00e9l. +33 (0)3 20 68 30 35<\/span><br \/><span>\u00a0Fax + 33 (0)3 20 68 07 05<\/span><\/p>\n<p>[\/et_pb_text][\/et_pb_column][\/et_pb_row][\/et_pb_section]<\/p>\n","protected":false},"excerpt":{"rendered":"<p><div class=\"et_pb_module dsm_lottie dsm_lottie_0\">\n\t\t\t\t\n\t\t\t\t\n\t\t\t\t\n\t\t\t\t\n\t\t\t\t<div class=\"et_pb_module_inner\">\n\t\t\t\t\t<div class=\"dsm_lottie_wrapper\" data-percent-viewport=\"\" data-params=[{\"path\":\"https:\\\/\\\/wp-europe.com\\\/fr\\\/wp-content\\\/uploads\\\/sites\\\/6\\\/2021\\\/03\\\/fleur_1x-1.json\",\"loop\":false,\"loop_no\":\"\",\"delay\":\"0ms\",\"direction\":\"1\",\"speed\":\"1.3\",\"hover\":false,\"trigger\":\"on_hover\",\"scroll\":\"on_hover\",\"mouseout\":\"no_action\",\"viewport\":\"80%\"}]>\n\t\t\t<\/div>\n\t\t\t\t<\/div>\n\t\t\t<\/div>Pr\u00e4sentation \u00a0Wir sind Spezialisten f\u00fcr die Umwandlung von Polymeren in Halbzeuge sowie f\u00fcr die Bearbeitung von Kunststoffhalbzeugen f\u00fcr die Medizinproduktindustrie und Ausr\u00fcstung f\u00fcr die biopharmazeutische Industrie. \u00a0Das Unternehmen besch\u00e4ftigt an drei Produktionsst\u00e4tten in den USA [&hellip;]<\/p>\n","protected":false},"author":1,"featured_media":0,"parent":0,"menu_order":0,"comment_status":"closed","ping_status":"closed","template":"","meta":{"_et_pb_use_builder":"on","_et_pb_old_content":"","_et_gb_content_width":""},"_links":{"self":[{"href":"https:\/\/wp-europe.com\/fr\/wp-json\/wp\/v2\/pages\/1944"}],"collection":[{"href":"https:\/\/wp-europe.com\/fr\/wp-json\/wp\/v2\/pages"}],"about":[{"href":"https:\/\/wp-europe.com\/fr\/wp-json\/wp\/v2\/types\/page"}],"author":[{"embeddable":true,"href":"https:\/\/wp-europe.com\/fr\/wp-json\/wp\/v2\/users\/1"}],"replies":[{"embeddable":true,"href":"https:\/\/wp-europe.com\/fr\/wp-json\/wp\/v2\/comments?post=1944"}],"version-history":[{"count":10,"href":"https:\/\/wp-europe.com\/fr\/wp-json\/wp\/v2\/pages\/1944\/revisions"}],"predecessor-version":[{"id":3147,"href":"https:\/\/wp-europe.com\/fr\/wp-json\/wp\/v2\/pages\/1944\/revisions\/3147"}],"wp:attachment":[{"href":"https:\/\/wp-europe.com\/fr\/wp-json\/wp\/v2\/media?parent=1944"}],"curies":[{"name":"wp","href":"https:\/\/api.w.org\/{rel}","templated":true}]}}