{"id":1958,"date":"2021-05-17T17:13:54","date_gmt":"2021-05-17T15:13:54","guid":{"rendered":"https:\/\/wp-europe.com\/fr\/?page_id=1958"},"modified":"2022-04-28T16:10:50","modified_gmt":"2022-04-28T14:10:50","slug":"wpe-turkey","status":"publish","type":"page","link":"https:\/\/wp-europe.com\/fr\/wpe-turkey\/","title":{"rendered":"WPE-Turkey"},"content":{"rendered":"<p>[et_pb_section fb_built=\u00a0\u00bb1&Prime; _builder_version=\u00a0\u00bb4.14.7&Prime; _module_preset=\u00a0\u00bbdefault\u00a0\u00bb custom_margin=\u00a0\u00bb0px||||false|false\u00a0\u00bb custom_padding=\u00a0\u00bb0px||0px||false|false\u00a0\u00bb locked=\u00a0\u00bboff\u00a0\u00bb global_colors_info=\u00a0\u00bb{}\u00a0\u00bb][et_pb_row _builder_version=\u00a0\u00bb4.14.7&Prime; _module_preset=\u00a0\u00bbdefault\u00a0\u00bb background_image=\u00a0\u00bbhttps:\/\/wp-europe.com\/fr\/wp-content\/uploads\/sites\/6\/2021\/02\/fond_languages_dark2.jpg\u00a0\u00bb max_width=\u00a0\u00bb1080px\u00a0\u00bb global_colors_info=\u00a0\u00bb{}\u00a0\u00bb][et_pb_column type=\u00a0\u00bb4_4&Prime; _builder_version=\u00a0\u00bb4.14.7&Prime; _module_preset=\u00a0\u00bbdefault\u00a0\u00bb global_colors_info=\u00a0\u00bb{}\u00a0\u00bb][dsm_lottie lottie_url=\u00a0\u00bbhttps:\/\/wp-europe.com\/fr\/wp-content\/uploads\/sites\/6\/2021\/03\/fleur_1x-1.json\u00a0\u00bb lottie_loop=\u00a0\u00bboff\u00a0\u00bb lottie_speed=\u00a0\u00bb1.3&Prime; _builder_version=\u00a0\u00bb4.9.1&Prime; _module_preset=\u00a0\u00bbdefault\u00a0\u00bb width=\u00a0\u00bb10%\u00a0\u00bb width_tablet=\u00a0\u00bb\u00a0\u00bb width_phone=\u00a0\u00bb25%\u00a0\u00bb width_last_edited=\u00a0\u00bbon|phone\u00a0\u00bb module_alignment=\u00a0\u00bbcenter\u00a0\u00bb custom_margin=\u00a0\u00bb150px||||false|false\u00a0\u00bb custom_margin_tablet=\u00a0\u00bb\u00a0\u00bb custom_margin_phone=\u00a0\u00bb0px||||false|false\u00a0\u00bb custom_margin_last_edited=\u00a0\u00bbon|phone\u00a0\u00bb custom_padding=\u00a0\u00bb||50px||false|false\u00a0\u00bb custom_padding_tablet=\u00a0\u00bb\u00a0\u00bb custom_padding_phone=\u00a0\u00bb||50px||false|false\u00a0\u00bb custom_padding_last_edited=\u00a0\u00bbon|phone\u00a0\u00bb locked=\u00a0\u00bboff\u00a0\u00bb global_colors_info=\u00a0\u00bb{}\u00a0\u00bb][\/dsm_lottie][et_pb_cta title=\u00a0\u00bbHo\u015fgeldiniz\u00a0\u00bb button_text=\u00a0\u00bbClics\u00a0\u00bb _builder_version=\u00a0\u00bb4.14.7&Prime; _module_preset=\u00a0\u00bbdefault\u00a0\u00bb header_level=\u00a0\u00bbh3&Prime; header_font=\u00a0\u00bb|800||on|||||\u00a0\u00bb header_font_size=\u00a0\u00bb75px\u00a0\u00bb background_color=\u00a0\u00bbRGBA(255,255,255,0)\u00a0\u00bb hover_enabled=\u00a0\u00bb0&Prime; header_text_shadow_style=\u00a0\u00bbpreset2&Prime; header_text_shadow_horizontal_length=\u00a0\u00bb0.06em\u00a0\u00bb header_text_shadow_vertical_length=\u00a0\u00bb0.06em\u00a0\u00bb header_text_shadow_blur_strength=\u00a0\u00bb0.06em\u00a0\u00bb global_colors_info=\u00a0\u00bb{}\u00a0\u00bb sticky_enabled=\u00a0\u00bb0&Prime;][\/et_pb_cta][\/et_pb_column][\/et_pb_row][\/et_pb_section][et_pb_section fb_built=\u00a0\u00bb1&Prime; _builder_version=\u00a0\u00bb4.9.1&Prime; _module_preset=\u00a0\u00bbdefault\u00a0\u00bb global_colors_info=\u00a0\u00bb{}\u00a0\u00bb][et_pb_row _builder_version=\u00a0\u00bb4.9.1&Prime; _module_preset=\u00a0\u00bbdefault\u00a0\u00bb max_width=\u00a0\u00bb1080px\u00a0\u00bb custom_padding=\u00a0\u00bb5px|||||\u00a0\u00bb global_colors_info=\u00a0\u00bb{}\u00a0\u00bb][et_pb_column type=\u00a0\u00bb4_4&Prime; _builder_version=\u00a0\u00bb4.9.1&Prime; _module_preset=\u00a0\u00bbdefault\u00a0\u00bb global_colors_info=\u00a0\u00bb{}\u00a0\u00bb][et_pb_text _builder_version=\u00a0\u00bb4.9.1&Prime; _module_preset=\u00a0\u00bbdefault\u00a0\u00bb custom_margin=\u00a0\u00bb||100px|||\u00a0\u00bb global_colors_info=\u00a0\u00bb{}\u00a0\u00bb]<\/p>\n<h3><strong>Hakk\u0131m\u0131zda<\/strong><\/h3>\n<p>\u00a0Polimerlerin yar\u0131 mamul \u00fcr\u00fcnlere d\u00f6n\u00fc\u015ft\u00fcr\u00fclmesinde ve t\u0131bbi cihaz ve biyo-ila\u00e7 ekipman\u0131 end\u00fcstrileri i\u00e7in plastik yar\u0131 mamul \u00fcr\u00fcnlerin i\u015flenmesinde uzman bir firmay\u0131z.<\/p>\n<p>\u00a0\u015eirketimiz b\u00fcnyesinde, ABD ve Avrupa&rsquo;da, teknik ve d\u00fczenleyici k\u0131s\u0131tlamalara (sa\u011fl\u0131k, havac\u0131l\u0131k, yar\u0131 iletken) tabi uygulamalarda g\u00fc\u00e7l\u00fc bir uzmanl\u0131\u011fa sahip 3 \u00fcretim tesisinde yakla\u015f\u0131k 160 ki\u015fi istihdam edilmektedir.<\/p>\n<p>Polimer d\u00f6n\u00fc\u015f\u00fcm\u00fc ve bunlar\u0131n i\u015flenmesi alan\u0131ndaki teknik bilgi birikimimiz, teknik projelerin ger\u00e7ekle\u015ftirilmesinde uzun s\u00fcreli bir uzmanl\u0131\u011f\u0131 da kapsamaktad\u0131r.<\/p>\n<p>Westlake Plastics Avrupa, tasar\u0131m\u0131n tan\u0131mlanmas\u0131n\u0131n t\u00fcm a\u015famalar\u0131ndan ge\u00e7erek, polimerin se\u00e7imi ve hatta form\u00fclasyonundan seri \u00fcretimine kadar m\u00fc\u015fterilerini destekleyen bir \u00ab\u00a0tek durak noktas\u0131\u00a0\u00bb d\u0131r.<\/p>\n<p>\u00a0Bizimle kuraca\u011f\u0131n\u0131z ileti\u015fim, zamandan tasarruf etmenizi ve malzeme ile \u00fcretim projenizin y\u00f6netimi i\u00e7in tek bir muhataba sahip olman\u0131z\u0131 sa\u011flayacakt\u0131r.<\/p>\n<h3>\u00a0<strong>\u00ab\u00a0Life Science\u00a0\u00bb yar\u0131 mamul \u00fcr\u00fcnleri <\/strong><\/h3>\n<p><strong>PROPYLUX \u00aeHS : <\/strong>15 renk ve 11 standart \u00e7apta mevcut ekstr\u00fcde polipropilen \u00e7ubuk. ISO 10993&rsquo;e g\u00f6re test edilmi\u015ftir. EtO ve otoklavlanarak (134\u00b0C\/18dk) sterilize edilebilir. Teknik par\u00e7alar i\u00e7in ideal. Ekonomik ve verimli malzemedir.<\/p>\n<p><strong>PROPYLUX\u00ae HS2<\/strong>\u00a0: 2 renk ve 8 standart kal\u0131nl\u0131kta mevcut preslenmi\u015f polipropilen levha. ISO 10993&rsquo;e g\u00f6re test edilmi\u015ftir. EtO ve otoklavlanarak (134\u00b0C\/18dk) sterilize edilebilir. PROPYLUX\u00ae HS2, k\u00fc\u00e7\u00fck sterilizasyon kaplar\u0131n\u0131n veya kap ba\u011flant\u0131 par\u00e7alar\u0131n\u0131n i\u015flenmesi i\u00e7in idealdir.<\/p>\n<p><strong>RADEL\u00a0\u00ae: <\/strong>8 renk ve birden fazla boyutta mevcut ekstr\u00fcde polifenils\u00fclfon ince \u00e7ubuk ve plaka. ISO 10993&rsquo;e g\u00f6re test edilmi\u015ftir. EtO ve otoklavlanarak (134\u00b0C\/18dk) sterilize edilebilir. Teknik olarak en zorlu par\u00e7alar i\u00e7in tercih edilen malzemedir. S\u0131k\u0131\u015ft\u0131rma ve darbeye son derece diren\u00e7li olan Radel, \u00e7ok karma\u015f\u0131k geometrilerin i\u015flenmesini sa\u011flar. \u0130\u015flenmi\u015f t\u0131bbi cihazlar i\u00e7in birinci s\u0131n\u0131f malzemedir.<\/p>\n<p><strong>LENNITE\u2122\u00a0: <\/strong>Kal\u00e7a, diz, omuz, ayak bile\u011fi, omurga implantlar\u0131n\u0131n s\u00fcrt\u00fcnme y\u00fczeyleri i\u00e7in kullan\u0131lan implante edilebilir ekstr\u00fcde PE UHMW GUR1050 veya 1020 \u00e7ubuk. Gama veya EtO sterilizasyonu.<\/p>\n<p><strong>ZELUX \u00ae GS\u00a0: <\/strong>Tek kullan\u0131ml\u0131k cihazlar i\u00e7in i\u015flenebilir polikarbonat. Gama sterilizasyonu.<\/p>\n<p><strong>ETHYLUX \u00ae&amp; ULTRA ETHYLUX\u00ae\u00a0: <\/strong>\u00d6zellikle Biyo-\u0130la\u00e7 uygulamalar\u0131 i\u00e7in kullan\u0131lan PE-LD ve PE-HD \u00e7ubuk ve plaka.<\/p>\n<h3>\u00a0<strong>\u00d6zel yar\u0131 mamul \u00fcr\u00fcnleri <\/strong><\/h3>\n<p><strong>AEROLITE CARBON\u00ae<\/strong><\/p>\n<p><strong>AROLUX\u2122 PEKK<\/strong><\/p>\n<p><strong>ZELUX\u00ae<\/strong><\/p>\n<h3><strong>\u0130\u015fleme hizmetleri<\/strong><\/h3>\n<p>Sadece plastik ve t\u0131bbi cihazlarda ultra uzmanl\u0131k ile robotik ve otomatik olan 23 adet dijital kontroll\u00fc merkez ve kule i\u015fletmekteyiz.<\/p>\n<p>\u00ab\u00a0T\u0131bbi Cihazlar\u00a0\u00bb d\u00fczenleyici mevzuat\u0131na son derece hakim olan kurulu\u015fumuz, ISO 13485 standard\u0131 uyar\u0131nca onaylanm\u0131\u015ft\u0131r.<\/p>\n<p>T\u00fcm ekibimiz, uzun y\u0131llara dayanan teknik uzmanl\u0131ktan yararlanan y\u00f6ntem departman\u0131m\u0131z arac\u0131l\u0131\u011f\u0131yla tasar\u0131m a\u015famalar\u0131ndan sizleri desteklemeye haz\u0131rd\u0131r. Hizmetlerimiz, projenize has t\u00fcm teknik, kalite ve yasal gereksinimlerinizi entegre ederek, prototip \u00fcretiminden seri \u00fcretime kadar uzan\u0131r.<\/p>\n<p>\u00a0Son olarak, malzeme ve i\u015fleme konusundaki \u00e7ift uzmanl\u0131\u011f\u0131m\u0131zdan faydalanan kalite ve mevzuat i\u015fleri departmanlar\u0131m\u0131z, \u00fcr\u00fcnlerinizin \u00fcretimi ile ba\u011flant\u0131l\u0131 olarak sizi destekleyecek ve t\u00fcm taleplerinize cevap verecektir.<\/p>\n<p>[\/et_pb_text][et_pb_text _builder_version=\u00a0\u00bb4.14.7&Prime; _module_preset=\u00a0\u00bbdefault\u00a0\u00bb header_2_font=\u00a0\u00bb|||on|||||\u00a0\u00bb header_3_font=\u00a0\u00bb|||on|||||\u00a0\u00bb header_3_text_color=\u00a0\u00bb#077584&Prime; text_orientation=\u00a0\u00bbcenter\u00a0\u00bb hover_enabled=\u00a0\u00bb0&Prime; global_colors_info=\u00a0\u00bb{}\u00a0\u00bb sticky_enabled=\u00a0\u00bb0&Prime;]<\/p>\n<h3><img loading=\"lazy\" src=\"https:\/\/wp-europe.com\/fr\/wp-content\/uploads\/sites\/6\/2021\/01\/favicon-300x298.png\" width=\"41\" height=\"41\" alt=\"\" class=\"wp-image-88 alignnone size-medium\" \/><\/h3>\n<h3><a href=\"https:\/\/wp-europe.com\/fr\/#contact\">\u0130leti\u015fim<\/a><\/h3>\n<p><span>Westlake Plastics Europe<\/span><br \/><span>2 rue de Maestricht \u2014 59200 <\/span><span>TOURCOING FRANCE<\/span><\/p>\n<p><span>\u00a0<a href=\"mailto:contact@wp-europe.com\" target=\"_blank\" rel=\"noopener\">contact@wp-europe.com<\/a><\/span><\/p>\n<p><span>T\u00e9l. +33 (0)3 20 68 30 35<\/span><br \/><span>\u00a0Fax + 33 (0)3 20 68 07 05<\/span><\/p>\n<p>[\/et_pb_text][\/et_pb_column][\/et_pb_row][\/et_pb_section]<\/p>\n","protected":false},"excerpt":{"rendered":"<p><div class=\"et_pb_module dsm_lottie dsm_lottie_0\">\n\t\t\t\t\n\t\t\t\t\n\t\t\t\t\n\t\t\t\t\n\t\t\t\t<div class=\"et_pb_module_inner\">\n\t\t\t\t\t<div class=\"dsm_lottie_wrapper\" data-percent-viewport=\"\" data-params=[{\"path\":\"https:\\\/\\\/wp-europe.com\\\/fr\\\/wp-content\\\/uploads\\\/sites\\\/6\\\/2021\\\/03\\\/fleur_1x-1.json\",\"loop\":false,\"loop_no\":\"\",\"delay\":\"0ms\",\"direction\":\"1\",\"speed\":\"1.3\",\"hover\":false,\"trigger\":\"on_hover\",\"scroll\":\"on_hover\",\"mouseout\":\"no_action\",\"viewport\":\"80%\"}]>\n\t\t\t<\/div>\n\t\t\t\t<\/div>\n\t\t\t<\/div>Hakk\u0131m\u0131zda \u00a0Polimerlerin yar\u0131 mamul \u00fcr\u00fcnlere d\u00f6n\u00fc\u015ft\u00fcr\u00fclmesinde ve t\u0131bbi cihaz ve biyo-ila\u00e7 ekipman\u0131 end\u00fcstrileri i\u00e7in plastik yar\u0131 mamul \u00fcr\u00fcnlerin i\u015flenmesinde uzman bir firmay\u0131z. \u00a0\u015eirketimiz b\u00fcnyesinde, ABD ve Avrupa&rsquo;da, teknik ve d\u00fczenleyici k\u0131s\u0131tlamalara (sa\u011fl\u0131k, havac\u0131l\u0131k, yar\u0131 iletken) [&hellip;]<\/p>\n","protected":false},"author":1,"featured_media":0,"parent":0,"menu_order":0,"comment_status":"closed","ping_status":"closed","template":"","meta":{"_et_pb_use_builder":"on","_et_pb_old_content":"","_et_gb_content_width":""},"_links":{"self":[{"href":"https:\/\/wp-europe.com\/fr\/wp-json\/wp\/v2\/pages\/1958"}],"collection":[{"href":"https:\/\/wp-europe.com\/fr\/wp-json\/wp\/v2\/pages"}],"about":[{"href":"https:\/\/wp-europe.com\/fr\/wp-json\/wp\/v2\/types\/page"}],"author":[{"embeddable":true,"href":"https:\/\/wp-europe.com\/fr\/wp-json\/wp\/v2\/users\/1"}],"replies":[{"embeddable":true,"href":"https:\/\/wp-europe.com\/fr\/wp-json\/wp\/v2\/comments?post=1958"}],"version-history":[{"count":10,"href":"https:\/\/wp-europe.com\/fr\/wp-json\/wp\/v2\/pages\/1958\/revisions"}],"predecessor-version":[{"id":3152,"href":"https:\/\/wp-europe.com\/fr\/wp-json\/wp\/v2\/pages\/1958\/revisions\/3152"}],"wp:attachment":[{"href":"https:\/\/wp-europe.com\/fr\/wp-json\/wp\/v2\/media?parent=1958"}],"curies":[{"name":"wp","href":"https:\/\/api.w.org\/{rel}","templated":true}]}}