{"id":1969,"date":"2021-05-18T09:29:34","date_gmt":"2021-05-18T07:29:34","guid":{"rendered":"https:\/\/wp-europe.com\/fr\/?page_id=1969"},"modified":"2022-04-28T15:56:27","modified_gmt":"2022-04-28T13:56:27","slug":"wpe-sweden","status":"publish","type":"page","link":"https:\/\/wp-europe.com\/fr\/wpe-sweden\/","title":{"rendered":"WPE-Sweden"},"content":{"rendered":"<p>[et_pb_section fb_built=\u00a0\u00bb1&Prime; _builder_version=\u00a0\u00bb4.14.7&Prime; _module_preset=\u00a0\u00bbdefault\u00a0\u00bb custom_padding=\u00a0\u00bb0px||0px||false|false\u00a0\u00bb hover_enabled=\u00a0\u00bb0&Prime; global_colors_info=\u00a0\u00bb{}\u00a0\u00bb custom_margin=\u00a0\u00bb0px||||false|false\u00a0\u00bb sticky_enabled=\u00a0\u00bb0&Prime; locked=\u00a0\u00bboff\u00a0\u00bb][et_pb_row _builder_version=\u00a0\u00bb4.14.7&Prime; _module_preset=\u00a0\u00bbdefault\u00a0\u00bb background_image=\u00a0\u00bbhttps:\/\/wp-europe.com\/fr\/wp-content\/uploads\/sites\/6\/2021\/02\/fond_languages_dark2.jpg\u00a0\u00bb max_width=\u00a0\u00bb1080px\u00a0\u00bb global_colors_info=\u00a0\u00bb{}\u00a0\u00bb][et_pb_column type=\u00a0\u00bb4_4&Prime; _builder_version=\u00a0\u00bb4.14.7&Prime; _module_preset=\u00a0\u00bbdefault\u00a0\u00bb global_colors_info=\u00a0\u00bb{}\u00a0\u00bb][dsm_lottie lottie_url=\u00a0\u00bbhttps:\/\/wp-europe.com\/fr\/wp-content\/uploads\/sites\/6\/2021\/03\/fleur_1x-1.json\u00a0\u00bb lottie_loop=\u00a0\u00bboff\u00a0\u00bb lottie_speed=\u00a0\u00bb1.3&Prime; _builder_version=\u00a0\u00bb4.9.1&Prime; _module_preset=\u00a0\u00bbdefault\u00a0\u00bb width=\u00a0\u00bb10%\u00a0\u00bb width_tablet=\u00a0\u00bb\u00a0\u00bb width_phone=\u00a0\u00bb25%\u00a0\u00bb width_last_edited=\u00a0\u00bbon|phone\u00a0\u00bb module_alignment=\u00a0\u00bbcenter\u00a0\u00bb custom_margin=\u00a0\u00bb150px||||false|false\u00a0\u00bb custom_margin_tablet=\u00a0\u00bb\u00a0\u00bb custom_margin_phone=\u00a0\u00bb0px||||false|false\u00a0\u00bb custom_margin_last_edited=\u00a0\u00bbon|phone\u00a0\u00bb custom_padding=\u00a0\u00bb||50px||false|false\u00a0\u00bb custom_padding_tablet=\u00a0\u00bb\u00a0\u00bb custom_padding_phone=\u00a0\u00bb||50px||false|false\u00a0\u00bb custom_padding_last_edited=\u00a0\u00bbon|phone\u00a0\u00bb locked=\u00a0\u00bboff\u00a0\u00bb global_colors_info=\u00a0\u00bb{}\u00a0\u00bb][\/dsm_lottie][et_pb_cta title=\u00a0\u00bbV\u00e4lkommen\u00a0\u00bb button_text=\u00a0\u00bbClics\u00a0\u00bb _builder_version=\u00a0\u00bb4.14.7&Prime; _module_preset=\u00a0\u00bbdefault\u00a0\u00bb header_level=\u00a0\u00bbh3&Prime; header_font=\u00a0\u00bb|800||on|||||\u00a0\u00bb header_font_size=\u00a0\u00bb75px\u00a0\u00bb background_color=\u00a0\u00bbRGBA(255,255,255,0)\u00a0\u00bb hover_enabled=\u00a0\u00bb0&Prime; header_text_shadow_style=\u00a0\u00bbpreset2&Prime; header_text_shadow_horizontal_length=\u00a0\u00bb0.06em\u00a0\u00bb header_text_shadow_vertical_length=\u00a0\u00bb0.06em\u00a0\u00bb header_text_shadow_blur_strength=\u00a0\u00bb0.06em\u00a0\u00bb global_colors_info=\u00a0\u00bb{}\u00a0\u00bb sticky_enabled=\u00a0\u00bb0&Prime;][\/et_pb_cta][\/et_pb_column][\/et_pb_row][\/et_pb_section][et_pb_section fb_built=\u00a0\u00bb1&Prime; _builder_version=\u00a0\u00bb4.9.1&Prime; _module_preset=\u00a0\u00bbdefault\u00a0\u00bb global_colors_info=\u00a0\u00bb{}\u00a0\u00bb][et_pb_row _builder_version=\u00a0\u00bb4.9.1&Prime; _module_preset=\u00a0\u00bbdefault\u00a0\u00bb max_width=\u00a0\u00bb1080px\u00a0\u00bb custom_padding=\u00a0\u00bb5px|||||\u00a0\u00bb global_colors_info=\u00a0\u00bb{}\u00a0\u00bb][et_pb_column type=\u00a0\u00bb4_4&Prime; _builder_version=\u00a0\u00bb4.9.1&Prime; _module_preset=\u00a0\u00bbdefault\u00a0\u00bb global_colors_info=\u00a0\u00bb{}\u00a0\u00bb][et_pb_text _builder_version=\u00a0\u00bb4.9.1&Prime; _module_preset=\u00a0\u00bbdefault\u00a0\u00bb custom_margin=\u00a0\u00bb||100px|||\u00a0\u00bb global_colors_info=\u00a0\u00bb{}\u00a0\u00bb]<\/p>\n<h3><strong>Presentation<\/strong><\/h3>\n<p>Vi \u00e4r specialister p\u00e5 omvandling av polymerer till halvfabrikat och p\u00e5 maskinell bearbetning av plasthalvfabrikat f\u00f6r industrif\u00f6retag som tillverkar medicintekniska produkter och materiel f\u00f6r biofarmaceutiska preparat.<\/p>\n<p>F\u00f6retaget har cirka 160 anst\u00e4llda i USA och Europa i 3 produktionsenheter med en stark specialisering p\u00e5 omr\u00e5den d\u00e4r tekniska och lagstadgade krav m\u00e5ste uppfyllas (h\u00e4lsa, flygteknik, halvledare).<\/p>\n<p>V\u00e5r expertis \u00e4r dubbel i fr\u00e5ga om omvandling av polymerer och bearbetning av dem. Vi har en mycket l\u00e5ng erfarenhet av att genomf\u00f6ra tekniska projekt.<\/p>\n<p>Westlake Plastics Europe \u00e4r en \u201cone stop shop\u201d som hj\u00e4lper sina kunder att v\u00e4lja och utforma en polymer \u00e4nda till att producera serier genom stegvisa processer f\u00f6r att legitmera konceptet.<\/p>\n<p>Vi kan hj\u00e4lpa ditt f\u00f6retag att vinna tid och ha bara en samarbetspartner f\u00f6r ert projekt b\u00e5de i fr\u00e5ga om material och bearbetning.<\/p>\n<h3>\u00a0<\/h3>\n<h3><strong>Life Science -halvfabrikat <\/strong><\/h3>\n<p><strong>PROPYLUX \u00aeHS: <\/strong>St\u00e5ng tillverkad av extruderad polypropen tillg\u00e4nglig i 15 f\u00e4rger och 11 standarddiametrar. Testad enligt ISO 10993. Kan steriliseras med autoklav 134\u00b0C\/18\u2019 och EtO. Idealisk f\u00f6r tekniska komponenter. Ekonomiskt och effektivt material.<\/p>\n<p><strong>PROPYLUX\u00ae HS2<\/strong>: Pressad platta tillverkad av polypropen tillg\u00e4nglig i 2 f\u00e4rger och 8 standardtjocklekar. Testad enligt ISO 10993. Kan steriliseras med autoklav 134\u00b0C\/18\u2019 och EtO. PROPYLUX\u00ae HS2 \u00e4r idealisk f\u00f6r bearbetning av sm\u00e5 steriliseringsbeh\u00e5llare eller f\u00f6r att anordna beh\u00e5llare.<\/p>\n<p><strong>RADEL\u00a0\u00ae: <\/strong>St\u00e5ng och tunn platta extruderade av polyfenylsulfon tillg\u00e4ngliga i 8 f\u00e4rger och ett flertal storlekar. Testad enligt ISO 10993. Kan steriliseras med autoklav 134\u00b0C\/18\u2019 och EtO. Det perfekta valet f\u00f6r delar som tekniskt sett uts\u00e4tts f\u00f6r de st\u00f6rsta p\u00e5k\u00e4nningarna. Radel \u00e4r ett ytterst kompressionsbest\u00e4ndigt och st\u00f6tt\u00e5ligt material och kan anv\u00e4ndas f\u00f6r att bearbeta mycket komplexa former. H\u00f6gkvalitativt material f\u00f6r maskinellt bearbetade medicintekniska produkter.<\/p>\n<p><strong>LENNITE\u2122: <\/strong>Implanterbar st\u00e5ng tillverkad av extruderad PE UHMW GUR1050 eller 1020 som anv\u00e4nds f\u00f6r friktionsytor p\u00e5 implantat f\u00f6r h\u00f6fter, kn\u00e4n, axlar, vrister och ryggrad. Gamma- eller EtO-sterilisering.<\/p>\n<p><strong>ZELUX \u00ae GS: <\/strong>Bearbetbar polykarbonat f\u00f6r eng\u00e5ngsprodukter. Gammasterilisering.<\/p>\n<p><strong>ETHYLUX\u00ae &amp; ULTRA ETHYLUX\u00ae: <\/strong>St\u00e5ng och platta av PE-LD och PE-HD, speciellt avsedda f\u00f6r biofarmaceutiska till\u00e4mpningar.<\/p>\n<h3>\u00a0<\/h3>\n<h3><strong>Specifika halvfabrikat<\/strong><\/h3>\n<p><strong>AEROLITE CARBON\u00ae<\/strong><\/p>\n<p><strong>AROLUX\u2122 PEKK<\/strong><\/p>\n<p><strong>ZELUX\u00ae<\/strong><\/p>\n<h3><strong><\/strong><\/h3>\n<h3><strong>Maskinell bearbetning<\/strong><\/h3>\n<p>Vi anv\u00e4nder 23 automatiserade numeriskt styrda verktygsmaskiner och svarvar, med en ultraspecialisering: endast plast och medicintekniska produkter.<\/p>\n<p>V\u00e5r organisation har certifierats i enlighet med ISO 13485 och vi beh\u00e4rskar perfekt regelverket f\u00f6r medicintekniska produkter.<\/p>\n<p>Hela v\u00e5rt team st\u00e5r till tj\u00e4nst med hj\u00e4lp och st\u00f6d fr\u00e5n planeringsskedet tack vare v\u00e5r metodtj\u00e4nst som har m\u00e5nga \u00e5rs erfarenhet inom teknisk expertis. V\u00e5ra tj\u00e4nster str\u00e4cker sig fr\u00e5n att framst\u00e4lla prototyper \u00e4nda till serier, som integrerar p\u00e5 best\u00e4llning alla tekniska, kvalitets- och regelm\u00e4ssiga krav.<\/p>\n<p>Dessutom kan v\u00e5ra avdelningar f\u00f6r kvalitet och regleringsfr\u00e5gor, som utnyttjar v\u00e5r dubbla kompetens i \u00a0material och maskinell bearbetning, ge st\u00f6d och svara p\u00e5 alla fr\u00e5gor i samband med tillverkningen av produkter.<\/p>\n<p>[\/et_pb_text][et_pb_text _builder_version=\u00a0\u00bb4.14.7&Prime; _module_preset=\u00a0\u00bbdefault\u00a0\u00bb header_2_font=\u00a0\u00bb|||on|||||\u00a0\u00bb header_3_font=\u00a0\u00bb|||on|||||\u00a0\u00bb header_3_text_color=\u00a0\u00bb#077584&Prime; text_orientation=\u00a0\u00bbcenter\u00a0\u00bb hover_enabled=\u00a0\u00bb0&Prime; global_colors_info=\u00a0\u00bb{}\u00a0\u00bb sticky_enabled=\u00a0\u00bb0&Prime;]<\/p>\n<h3><img loading=\"lazy\" src=\"https:\/\/wp-europe.com\/fr\/wp-content\/uploads\/sites\/6\/2021\/01\/favicon-300x298.png\" width=\"41\" height=\"41\" alt=\"\" class=\"wp-image-88 alignnone size-medium\" \/><\/h3>\n<h3><a href=\"https:\/\/wp-europe.com\/fr\/#contact\">Kontakt<\/a><\/h3>\n<p><span>Westlake Plastics Europe<\/span><br \/><span>2 rue de Maestricht \u2014 59200 <\/span><span>TOURCOING FRANCE<\/span><\/p>\n<p><span>\u00a0<a href=\"mailto:contact@wp-europe.com\" target=\"_blank\" rel=\"noopener\">contact@wp-europe.com<\/a><\/span><\/p>\n<p><span>T\u00e9l. +33 (0)3 20 68 30 35<\/span><br \/><span>\u00a0Fax + 33 (0)3 20 68 07 05<\/span><\/p>\n<p>[\/et_pb_text][\/et_pb_column][\/et_pb_row][\/et_pb_section]<\/p>\n","protected":false},"excerpt":{"rendered":"<p><div class=\"et_pb_module dsm_lottie dsm_lottie_0\">\n\t\t\t\t\n\t\t\t\t\n\t\t\t\t\n\t\t\t\t\n\t\t\t\t<div class=\"et_pb_module_inner\">\n\t\t\t\t\t<div class=\"dsm_lottie_wrapper\" data-percent-viewport=\"\" data-params=[{\"path\":\"https:\\\/\\\/wp-europe.com\\\/fr\\\/wp-content\\\/uploads\\\/sites\\\/6\\\/2021\\\/03\\\/fleur_1x-1.json\",\"loop\":false,\"loop_no\":\"\",\"delay\":\"0ms\",\"direction\":\"1\",\"speed\":\"1.3\",\"hover\":false,\"trigger\":\"on_hover\",\"scroll\":\"on_hover\",\"mouseout\":\"no_action\",\"viewport\":\"80%\"}]>\n\t\t\t<\/div>\n\t\t\t\t<\/div>\n\t\t\t<\/div>Presentation Vi \u00e4r specialister p\u00e5 omvandling av polymerer till halvfabrikat och p\u00e5 maskinell bearbetning av plasthalvfabrikat f\u00f6r industrif\u00f6retag som tillverkar medicintekniska produkter och materiel f\u00f6r biofarmaceutiska preparat. F\u00f6retaget har cirka 160 anst\u00e4llda i USA och [&hellip;]<\/p>\n","protected":false},"author":1,"featured_media":0,"parent":0,"menu_order":0,"comment_status":"closed","ping_status":"closed","template":"","meta":{"_et_pb_use_builder":"on","_et_pb_old_content":"","_et_gb_content_width":""},"_links":{"self":[{"href":"https:\/\/wp-europe.com\/fr\/wp-json\/wp\/v2\/pages\/1969"}],"collection":[{"href":"https:\/\/wp-europe.com\/fr\/wp-json\/wp\/v2\/pages"}],"about":[{"href":"https:\/\/wp-europe.com\/fr\/wp-json\/wp\/v2\/types\/page"}],"author":[{"embeddable":true,"href":"https:\/\/wp-europe.com\/fr\/wp-json\/wp\/v2\/users\/1"}],"replies":[{"embeddable":true,"href":"https:\/\/wp-europe.com\/fr\/wp-json\/wp\/v2\/comments?post=1969"}],"version-history":[{"count":7,"href":"https:\/\/wp-europe.com\/fr\/wp-json\/wp\/v2\/pages\/1969\/revisions"}],"predecessor-version":[{"id":3148,"href":"https:\/\/wp-europe.com\/fr\/wp-json\/wp\/v2\/pages\/1969\/revisions\/3148"}],"wp:attachment":[{"href":"https:\/\/wp-europe.com\/fr\/wp-json\/wp\/v2\/media?parent=1969"}],"curies":[{"name":"wp","href":"https:\/\/api.w.org\/{rel}","templated":true}]}}