{"id":1974,"date":"2021-05-18T09:33:47","date_gmt":"2021-05-18T07:33:47","guid":{"rendered":"https:\/\/wp-europe.com\/fr\/?page_id=1974"},"modified":"2022-04-28T16:07:40","modified_gmt":"2022-04-28T14:07:40","slug":"wpe-czech","status":"publish","type":"page","link":"https:\/\/wp-europe.com\/fr\/wpe-czech\/","title":{"rendered":"WPE-Czech"},"content":{"rendered":"<p>[et_pb_section fb_built=\u00a0\u00bb1&Prime; _builder_version=\u00a0\u00bb4.14.7&Prime; _module_preset=\u00a0\u00bbdefault\u00a0\u00bb custom_margin=\u00a0\u00bb0px||||false|false\u00a0\u00bb custom_padding=\u00a0\u00bb0px||0px||false|false\u00a0\u00bb locked=\u00a0\u00bboff\u00a0\u00bb global_colors_info=\u00a0\u00bb{}\u00a0\u00bb][et_pb_row _builder_version=\u00a0\u00bb4.14.7&Prime; _module_preset=\u00a0\u00bbdefault\u00a0\u00bb background_image=\u00a0\u00bbhttps:\/\/wp-europe.com\/fr\/wp-content\/uploads\/sites\/6\/2021\/02\/fond_languages_dark2.jpg\u00a0\u00bb max_width=\u00a0\u00bb1080px\u00a0\u00bb global_colors_info=\u00a0\u00bb{}\u00a0\u00bb][et_pb_column type=\u00a0\u00bb4_4&Prime; _builder_version=\u00a0\u00bb4.14.7&Prime; _module_preset=\u00a0\u00bbdefault\u00a0\u00bb global_colors_info=\u00a0\u00bb{}\u00a0\u00bb][dsm_lottie lottie_url=\u00a0\u00bbhttps:\/\/wp-europe.com\/fr\/wp-content\/uploads\/sites\/6\/2021\/03\/fleur_1x-1.json\u00a0\u00bb lottie_loop=\u00a0\u00bboff\u00a0\u00bb lottie_speed=\u00a0\u00bb1.3&Prime; _builder_version=\u00a0\u00bb4.9.1&Prime; _module_preset=\u00a0\u00bbdefault\u00a0\u00bb width=\u00a0\u00bb10%\u00a0\u00bb width_tablet=\u00a0\u00bb\u00a0\u00bb width_phone=\u00a0\u00bb25%\u00a0\u00bb width_last_edited=\u00a0\u00bbon|phone\u00a0\u00bb module_alignment=\u00a0\u00bbcenter\u00a0\u00bb custom_margin=\u00a0\u00bb150px||||false|false\u00a0\u00bb custom_margin_tablet=\u00a0\u00bb\u00a0\u00bb custom_margin_phone=\u00a0\u00bb0px||||false|false\u00a0\u00bb custom_margin_last_edited=\u00a0\u00bbon|phone\u00a0\u00bb custom_padding=\u00a0\u00bb||50px||false|false\u00a0\u00bb custom_padding_tablet=\u00a0\u00bb\u00a0\u00bb custom_padding_phone=\u00a0\u00bb||50px||false|false\u00a0\u00bb custom_padding_last_edited=\u00a0\u00bbon|phone\u00a0\u00bb locked=\u00a0\u00bboff\u00a0\u00bb global_colors_info=\u00a0\u00bb{}\u00a0\u00bb][\/dsm_lottie][et_pb_cta title=\u00a0\u00bbV\u00edtejte\u00a0\u00bb button_text=\u00a0\u00bbClics\u00a0\u00bb _builder_version=\u00a0\u00bb4.14.7&Prime; _module_preset=\u00a0\u00bbdefault\u00a0\u00bb header_level=\u00a0\u00bbh3&Prime; header_font=\u00a0\u00bb|800||on|||||\u00a0\u00bb header_font_size=\u00a0\u00bb75px\u00a0\u00bb background_color=\u00a0\u00bbRGBA(255,255,255,0)\u00a0\u00bb hover_enabled=\u00a0\u00bb0&Prime; header_text_shadow_style=\u00a0\u00bbpreset2&Prime; header_text_shadow_horizontal_length=\u00a0\u00bb0.06em\u00a0\u00bb header_text_shadow_vertical_length=\u00a0\u00bb0.06em\u00a0\u00bb header_text_shadow_blur_strength=\u00a0\u00bb0.06em\u00a0\u00bb global_colors_info=\u00a0\u00bb{}\u00a0\u00bb sticky_enabled=\u00a0\u00bb0&Prime;][\/et_pb_cta][\/et_pb_column][\/et_pb_row][\/et_pb_section][et_pb_section fb_built=\u00a0\u00bb1&Prime; _builder_version=\u00a0\u00bb4.9.1&Prime; _module_preset=\u00a0\u00bbdefault\u00a0\u00bb global_colors_info=\u00a0\u00bb{}\u00a0\u00bb][et_pb_row _builder_version=\u00a0\u00bb4.9.1&Prime; _module_preset=\u00a0\u00bbdefault\u00a0\u00bb max_width=\u00a0\u00bb1080px\u00a0\u00bb custom_padding=\u00a0\u00bb5px|||||\u00a0\u00bb global_colors_info=\u00a0\u00bb{}\u00a0\u00bb][et_pb_column type=\u00a0\u00bb4_4&Prime; _builder_version=\u00a0\u00bb4.9.1&Prime; _module_preset=\u00a0\u00bbdefault\u00a0\u00bb global_colors_info=\u00a0\u00bb{}\u00a0\u00bb][et_pb_text _builder_version=\u00a0\u00bb4.9.1&Prime; _module_preset=\u00a0\u00bbdefault\u00a0\u00bb custom_margin=\u00a0\u00bb||100px|||\u00a0\u00bb global_colors_info=\u00a0\u00bb{}\u00a0\u00bb]<\/p>\n<h3><strong>Prezentace<\/strong><\/h3>\n<p>\u00a0Jsme specialist\u00e9 na zpracov\u00e1n\u00ed polymer\u016f na polotovary a\u00a0na obr\u00e1b\u011bn\u00ed plastov\u00fdch polotovar\u016f pro zdravotnick\u00e9 p\u0159\u00edstroje a\u00a0biofarmaceutick\u00fd pr\u016fmysl.<\/p>\n<p>\u00a0Spole\u010dnost zam\u011bstn\u00e1v\u00e1 p\u0159ibli\u017en\u011b 160\u00a0lid\u00ed v\u00a0USA a\u00a0Evrop\u011b ve t\u0159ech v\u00fdrobn\u00edch z\u00e1vodech se siln\u00fdm zam\u011b\u0159en\u00edm na aplikace podl\u00e9haj\u00edc\u00ed technick\u00fdm a\u00a0z\u00e1konn\u00fdm omezen\u00edm (zdravotnictv\u00ed, letectv\u00ed, polovodi\u010de).<\/p>\n<p>\u00a0Na\u0161e know-how v\u00a0oblasti p\u0159em\u011bny polymer\u016f a\u00a0obr\u00e1b\u011bn\u00ed je dvoj\u00edho druhu. M\u00e1me dlouholet\u00e9 zku\u0161enosti s\u00a0realizac\u00ed technick\u00fdch projekt\u016f.<\/p>\n<p>Spole\u010dnost Westlake Plastics Europe je spole\u010dnost\u00ed typu \u201eone stop shop\u201c, kter\u00e1 poskytuje podporu sv\u00fdm z\u00e1kazn\u00edk\u016fm od v\u00fdb\u011bru nebo formulace polymeru a\u017e po s\u00e9riovou realizaci ve v\u0161ech f\u00e1z\u00edch kvalifikace konceptu.<\/p>\n<p>D\u00edky na\u0161im slu\u017eb\u00e1m u\u0161et\u0159\u00edte \u010das a\u00a0z\u00edsk\u00e1te z\u00e1stupce pro \u0159\u00edzen\u00ed va\u0161eho projektu v\u00a0oblasti materi\u00e1l\u016f a\u00a0obr\u00e1b\u011bn\u00ed.<\/p>\n<p>&nbsp;<\/p>\n<h3><strong>Polotovary \u201eLife Science\u201c <\/strong><\/h3>\n<p><strong>PROPYLUX\u00ae HS: <\/strong>Extrudovan\u00e1 polypropylenov\u00e1 ty\u010d dostupn\u00e1 v\u00a015\u00a0barv\u00e1ch a\u00a011\u00a0standardn\u00edch pr\u016fm\u011brech. Testov\u00e1no podle normy ISO 10993. Sterilizovateln\u00e9 autokl\u00e1vem p\u0159i 134\u00a0\u00b0C\/18 a\u00a0EtO. Ide\u00e1ln\u00ed pro technick\u00e9 m\u00edstnosti. \u00dasporn\u00fd a\u00a0vysoce v\u00fdkonn\u00fd materi\u00e1l.<\/p>\n<p><strong>PROPYLUX\u00ae HS2<\/strong>: Lisovan\u00e1 polypropylenov\u00e1 deska dostupn\u00e1 ve 2\u00a0barv\u00e1ch a\u00a08\u00a0standardn\u00edch tlou\u0161\u0165k\u00e1ch. Testov\u00e1no podle normy ISO 10993. Sterilizovateln\u00e9 autokl\u00e1vem p\u0159i 134\u00a0\u00b0C\/18 a\u00a0EtO. PROPYLUX\u00ae HS2\u00a0je ide\u00e1ln\u00ed pro zpracov\u00e1n\u00ed mal\u00fdch steriliza\u010dn\u00edch n\u00e1dob nebo za\u0159\u00edzen\u00ed n\u00e1dob.<\/p>\n<p><strong>RADEL\u00ae: <\/strong>Extrudovan\u00e9 polyfenylsulfonov\u00e9 ty\u010de a\u00a0desky dostupn\u00e9 v\u00a08\u00a0barv\u00e1ch a\u00a0r\u016fzn\u00fdch velikostech. Testov\u00e1no podle normy ISO 10993. Sterilizovateln\u00e9 autokl\u00e1vem p\u0159i 134\u00a0\u00b0C\/18 a\u00a0EtO. Jedn\u00e1 se o\u00a0materi\u00e1l, kter\u00fd se pou\u017e\u00edv\u00e1 pro technicky nejn\u00e1ro\u010dn\u011bj\u0161\u00ed d\u00edly. Materi\u00e1l Radel je mimo\u0159\u00e1dn\u011b odoln\u00fd proti stla\u010den\u00ed a\u00a0n\u00e1razu a\u00a0lze s\u00a0n\u00edm obr\u00e1b\u011bt velmi slo\u017eit\u00e9 geometrie. Pr\u00e9miov\u00fd materi\u00e1l pro obr\u00e1b\u011bn\u00e9 zdravotnick\u00e9 prost\u0159edky.<\/p>\n<p><strong>LENNITE\u2122: <\/strong>Implantabiln\u00ed UHMW GUR1050\u00a0nebo 1020\u00a0PE extrudovan\u00e1 ty\u010d pou\u017e\u00edvan\u00e1 pro t\u0159ec\u00ed plochy ky\u010deln\u00edch, kolenn\u00edch, ramenn\u00edch, kotn\u00edkov\u00fdch a\u00a0p\u00e1te\u0159n\u00edch implant\u00e1t\u016f. Sterilizace gama nebo EtO.<\/p>\n<p><strong>ZELUX\u00ae GS: <\/strong>Obrobiteln\u00fd polykarbon\u00e1t pro za\u0159\u00edzen\u00ed na jedno pou\u017eit\u00ed. Sterilizace gama.<\/p>\n<p><strong>ETHYLUX\u00ae &amp; ULTRA ETHYLUX\u00ae: <\/strong>Ty\u010de a\u00a0desky PE-LD a\u00a0PE-HD, kter\u00e9 se pou\u017e\u00edvaj\u00ed speci\u00e1ln\u011b pro aplikace v\u00a0oblasti biofarmacie.<\/p>\n<p>&nbsp;<\/p>\n<h3><strong>Specifick\u00e9 polotovary<\/strong><\/h3>\n<p><strong>AEROLITE CARBON\u00ae<\/strong><\/p>\n<p><strong>AROLUX\u2122 PEKK<\/strong><\/p>\n<p><strong>ZELUX\u00ae<\/strong><\/p>\n<p>&nbsp;<\/p>\n<h3><strong>Slu\u017eby pro obr\u00e1b\u011bn\u00ed<\/strong><\/h3>\n<p>Provozujeme 23\u00a0digit\u00e1ln\u011b \u0159\u00edzen\u00fdch, robotizovan\u00fdch a\u00a0automatizovan\u00fdch CNC stroj\u016f a\u00a0center se specializac\u00ed pouze na plasty a\u00a0zdravotnick\u00e9 prost\u0159edky.<\/p>\n<p>Na\u0161e organizace je certifikov\u00e1na podle normy ISO 13485\u00a0a\u00a0dokonale zn\u00e1me p\u0159edpisy v\u00a0prost\u0159ed\u00ed zdravotnick\u00fdch prost\u0159edk\u016f.<\/p>\n<p>Cel\u00fd n\u00e1\u0161 t\u00fdm je v\u00e1m k\u00a0dispozici ji\u017e od f\u00e1ze n\u00e1vrhu, a\u00a0to d\u00edky na\u0161emu metodick\u00e9mu odd\u011blen\u00ed, kter\u00e9 m\u00e1 dlouholet\u00e9 technick\u00e9 zku\u0161enosti. Na\u0161e slu\u017eby sahaj\u00ed od v\u00fdroby prototyp\u016f a\u017e po s\u00e9riovou v\u00fdrobu a\u00a0spln\u00edme v\u0161echny va\u0161e technick\u00e9, kvalitativn\u00ed a\u00a0regula\u010dn\u00ed po\u017eadavky.<\/p>\n<p>V neposledn\u00ed \u0159ad\u011b v\u00e1m na\u0161e odd\u011blen\u00ed kvality a\u00a0z\u00e1konn\u00e9 z\u00e1le\u017eitost\u00ed, kter\u00e9 t\u011b\u017e\u00ed z\u00a0na\u0161\u00ed dvoj\u00ed kompetence v\u00a0oblasti materi\u00e1l\u016f a\u00a0obr\u00e1b\u011bn\u00ed, poskytne podporu a\u00a0odpov\u00ed na v\u0161echny va\u0161e po\u017eadavky v\u00a0souvislosti s\u00a0v\u00fdrobou va\u0161ich produkt\u016f.<\/p>\n<p>[\/et_pb_text][et_pb_text _builder_version=\u00a0\u00bb4.14.7&Prime; _module_preset=\u00a0\u00bbdefault\u00a0\u00bb header_2_font=\u00a0\u00bb|||on|||||\u00a0\u00bb header_3_font=\u00a0\u00bb|||on|||||\u00a0\u00bb header_3_text_color=\u00a0\u00bb#077584&Prime; text_orientation=\u00a0\u00bbcenter\u00a0\u00bb hover_enabled=\u00a0\u00bb0&Prime; global_colors_info=\u00a0\u00bb{}\u00a0\u00bb sticky_enabled=\u00a0\u00bb0&Prime;]<\/p>\n<h3><img loading=\"lazy\" src=\"https:\/\/wp-europe.com\/fr\/wp-content\/uploads\/sites\/6\/2021\/01\/favicon-300x298.png\" width=\"41\" height=\"41\" alt=\"\" class=\"wp-image-88 alignnone size-medium\" \/><\/h3>\n<h3><a href=\"https:\/\/wp-europe.com\/fr\/#contact\">Kontakt<\/a><\/h3>\n<p><span>Westlake Plastics Europe<\/span><br \/><span>2 rue de Maestricht \u2014 59200 <\/span><span>TOURCOING FRANCE<\/span><\/p>\n<p><span>\u00a0<a href=\"mailto:contact@wp-europe.com\" target=\"_blank\" rel=\"noopener\">contact@wp-europe.com<\/a><\/span><\/p>\n<p><span>T\u00e9l. +33 (0)3 20 68 30 35<\/span><br \/><span>\u00a0Fax + 33 (0)3 20 68 07 05<\/span><\/p>\n<p>[\/et_pb_text][\/et_pb_column][\/et_pb_row][\/et_pb_section]<\/p>\n","protected":false},"excerpt":{"rendered":"<p><div class=\"et_pb_module dsm_lottie dsm_lottie_0\">\n\t\t\t\t\n\t\t\t\t\n\t\t\t\t\n\t\t\t\t\n\t\t\t\t<div class=\"et_pb_module_inner\">\n\t\t\t\t\t<div class=\"dsm_lottie_wrapper\" data-percent-viewport=\"\" data-params=[{\"path\":\"https:\\\/\\\/wp-europe.com\\\/fr\\\/wp-content\\\/uploads\\\/sites\\\/6\\\/2021\\\/03\\\/fleur_1x-1.json\",\"loop\":false,\"loop_no\":\"\",\"delay\":\"0ms\",\"direction\":\"1\",\"speed\":\"1.3\",\"hover\":false,\"trigger\":\"on_hover\",\"scroll\":\"on_hover\",\"mouseout\":\"no_action\",\"viewport\":\"80%\"}]>\n\t\t\t<\/div>\n\t\t\t\t<\/div>\n\t\t\t<\/div>Prezentace \u00a0Jsme specialist\u00e9 na zpracov\u00e1n\u00ed polymer\u016f na polotovary a\u00a0na obr\u00e1b\u011bn\u00ed plastov\u00fdch polotovar\u016f pro zdravotnick\u00e9 p\u0159\u00edstroje a\u00a0biofarmaceutick\u00fd pr\u016fmysl. \u00a0Spole\u010dnost zam\u011bstn\u00e1v\u00e1 p\u0159ibli\u017en\u011b 160\u00a0lid\u00ed v\u00a0USA a\u00a0Evrop\u011b ve t\u0159ech v\u00fdrobn\u00edch z\u00e1vodech se siln\u00fdm zam\u011b\u0159en\u00edm na aplikace podl\u00e9haj\u00edc\u00ed technick\u00fdm a\u00a0z\u00e1konn\u00fdm [&hellip;]<\/p>\n","protected":false},"author":1,"featured_media":0,"parent":0,"menu_order":0,"comment_status":"closed","ping_status":"closed","template":"","meta":{"_et_pb_use_builder":"on","_et_pb_old_content":"","_et_gb_content_width":""},"_links":{"self":[{"href":"https:\/\/wp-europe.com\/fr\/wp-json\/wp\/v2\/pages\/1974"}],"collection":[{"href":"https:\/\/wp-europe.com\/fr\/wp-json\/wp\/v2\/pages"}],"about":[{"href":"https:\/\/wp-europe.com\/fr\/wp-json\/wp\/v2\/types\/page"}],"author":[{"embeddable":true,"href":"https:\/\/wp-europe.com\/fr\/wp-json\/wp\/v2\/users\/1"}],"replies":[{"embeddable":true,"href":"https:\/\/wp-europe.com\/fr\/wp-json\/wp\/v2\/comments?post=1974"}],"version-history":[{"count":7,"href":"https:\/\/wp-europe.com\/fr\/wp-json\/wp\/v2\/pages\/1974\/revisions"}],"predecessor-version":[{"id":3150,"href":"https:\/\/wp-europe.com\/fr\/wp-json\/wp\/v2\/pages\/1974\/revisions\/3150"}],"wp:attachment":[{"href":"https:\/\/wp-europe.com\/fr\/wp-json\/wp\/v2\/media?parent=1974"}],"curies":[{"name":"wp","href":"https:\/\/api.w.org\/{rel}","templated":true}]}}