{"id":1979,"date":"2021-05-18T09:38:43","date_gmt":"2021-05-18T07:38:43","guid":{"rendered":"https:\/\/wp-europe.com\/fr\/?page_id=1979"},"modified":"2022-04-28T16:23:09","modified_gmt":"2022-04-28T14:23:09","slug":"wpe-denmark","status":"publish","type":"page","link":"https:\/\/wp-europe.com\/fr\/wpe-denmark\/","title":{"rendered":"WPE-Denmark"},"content":{"rendered":"<p>[et_pb_section fb_built=\u00a0\u00bb1&Prime; _builder_version=\u00a0\u00bb4.14.7&Prime; _module_preset=\u00a0\u00bbdefault\u00a0\u00bb custom_margin=\u00a0\u00bb0px||||false|false\u00a0\u00bb custom_padding=\u00a0\u00bb0px||0px||false|false\u00a0\u00bb locked=\u00a0\u00bboff\u00a0\u00bb global_colors_info=\u00a0\u00bb{}\u00a0\u00bb][et_pb_row _builder_version=\u00a0\u00bb4.14.7&Prime; _module_preset=\u00a0\u00bbdefault\u00a0\u00bb background_image=\u00a0\u00bbhttps:\/\/wp-europe.com\/fr\/wp-content\/uploads\/sites\/6\/2021\/02\/fond_languages_dark2.jpg\u00a0\u00bb max_width=\u00a0\u00bb1080px\u00a0\u00bb global_colors_info=\u00a0\u00bb{}\u00a0\u00bb][et_pb_column type=\u00a0\u00bb4_4&Prime; _builder_version=\u00a0\u00bb4.14.7&Prime; _module_preset=\u00a0\u00bbdefault\u00a0\u00bb global_colors_info=\u00a0\u00bb{}\u00a0\u00bb][dsm_lottie lottie_url=\u00a0\u00bbhttps:\/\/wp-europe.com\/fr\/wp-content\/uploads\/sites\/6\/2021\/03\/fleur_1x-1.json\u00a0\u00bb lottie_loop=\u00a0\u00bboff\u00a0\u00bb lottie_speed=\u00a0\u00bb1.3&Prime; _builder_version=\u00a0\u00bb4.9.1&Prime; _module_preset=\u00a0\u00bbdefault\u00a0\u00bb width=\u00a0\u00bb10%\u00a0\u00bb width_tablet=\u00a0\u00bb\u00a0\u00bb width_phone=\u00a0\u00bb25%\u00a0\u00bb width_last_edited=\u00a0\u00bbon|phone\u00a0\u00bb module_alignment=\u00a0\u00bbcenter\u00a0\u00bb custom_margin=\u00a0\u00bb150px||||false|false\u00a0\u00bb custom_margin_tablet=\u00a0\u00bb\u00a0\u00bb custom_margin_phone=\u00a0\u00bb0px||||false|false\u00a0\u00bb custom_margin_last_edited=\u00a0\u00bbon|phone\u00a0\u00bb custom_padding=\u00a0\u00bb||50px||false|false\u00a0\u00bb custom_padding_tablet=\u00a0\u00bb\u00a0\u00bb custom_padding_phone=\u00a0\u00bb||50px||false|false\u00a0\u00bb custom_padding_last_edited=\u00a0\u00bbon|phone\u00a0\u00bb locked=\u00a0\u00bboff\u00a0\u00bb global_colors_info=\u00a0\u00bb{}\u00a0\u00bb][\/dsm_lottie][et_pb_cta title=\u00a0\u00bbVelkommen\u00a0\u00bb button_text=\u00a0\u00bbClics\u00a0\u00bb _builder_version=\u00a0\u00bb4.14.7&Prime; _module_preset=\u00a0\u00bbdefault\u00a0\u00bb header_level=\u00a0\u00bbh3&Prime; header_font=\u00a0\u00bb|800||on|||||\u00a0\u00bb header_font_size=\u00a0\u00bb75px\u00a0\u00bb background_color=\u00a0\u00bbRGBA(255,255,255,0)\u00a0\u00bb hover_enabled=\u00a0\u00bb0&Prime; header_text_shadow_style=\u00a0\u00bbpreset2&Prime; header_text_shadow_horizontal_length=\u00a0\u00bb0.06em\u00a0\u00bb header_text_shadow_vertical_length=\u00a0\u00bb0.06em\u00a0\u00bb header_text_shadow_blur_strength=\u00a0\u00bb0.06em\u00a0\u00bb global_colors_info=\u00a0\u00bb{}\u00a0\u00bb sticky_enabled=\u00a0\u00bb0&Prime;][\/et_pb_cta][\/et_pb_column][\/et_pb_row][\/et_pb_section][et_pb_section fb_built=\u00a0\u00bb1&Prime; _builder_version=\u00a0\u00bb4.9.1&Prime; _module_preset=\u00a0\u00bbdefault\u00a0\u00bb global_colors_info=\u00a0\u00bb{}\u00a0\u00bb][et_pb_row _builder_version=\u00a0\u00bb4.9.1&Prime; _module_preset=\u00a0\u00bbdefault\u00a0\u00bb max_width=\u00a0\u00bb1080px\u00a0\u00bb custom_padding=\u00a0\u00bb5px|||||\u00a0\u00bb global_colors_info=\u00a0\u00bb{}\u00a0\u00bb][et_pb_column type=\u00a0\u00bb4_4&Prime; _builder_version=\u00a0\u00bb4.9.1&Prime; _module_preset=\u00a0\u00bbdefault\u00a0\u00bb global_colors_info=\u00a0\u00bb{}\u00a0\u00bb][et_pb_text _builder_version=\u00a0\u00bb4.9.1&Prime; _module_preset=\u00a0\u00bbdefault\u00a0\u00bb custom_margin=\u00a0\u00bb||100px|||\u00a0\u00bb global_colors_info=\u00a0\u00bb{}\u00a0\u00bb]<\/p>\n<h3><strong>Pr\u00e6sentation<\/strong><\/h3>\n<p>\u00a0Vi er specialister i polymerkonvertering til halvprodukter samt forarbejdning af halvprodukter i plast til virksomheder med produktion af medicinsk udstyr samt biofarmakologisk udstyr.<\/p>\n<p>\u00a0Virksomheden har omkring 160 medarbejdere i USA og i Europa p\u00e5 3 produktionsenheder med en st\u00e6rk specialisering i forbindelse med anvendelser, som er underlagt strenge tekniske og forskriftsm\u00e6ssige krav (sundhed, luftfart, halvledere).<\/p>\n<p>\u00a0Vi har en dybtg\u00e5ende knowhow p\u00e5 omr\u00e5det med konvertering af polymerer og deres forarbejdning. Og vi kumulerer mange \u00e5rs ekspertise med udf\u00f8relse af tekniske projekter.<\/p>\n<p>Westlake Plastics Europe er en \u201cone stop shop\u201d, som hj\u00e6lper sine kunder lige fra valget eller endda formuleringen af en polymer, indtil fremstillingen af serier, for ikke at forglemme trinene med kvalificering af konceptet.<\/p>\n<p>N\u00e5r du bruger vores services, kan du spare tid og du f\u00e5r en enkelt kontaktperson i forbindelse med styring af dit projekt, hvad ang\u00e5r materiale og forarbejdning.<\/p>\n<p>&nbsp;<\/p>\n<h3><strong>\u00bbLife Science\u00ab <\/strong><strong>halvprodukter<\/strong><\/h3>\n<p><strong>PROPYLUX \u00aeHS: <\/strong>Ekstruderet polypropylenstang, findes i 15 farver og 11 standard diametre. Testet iht. ISO 10993. Kan steriliseres i autoklave 134\u00b0C\/18\u2019 og med EtO. Ideel til tekniske emner. \u00d8konimisk og h\u00f8jtydende materiale.<\/p>\n<p><strong>PROPYLUX\u00ae HS2<\/strong>: Presset polypropylenplade, findes i 2 farver og 8 standard tykkelser. Testet iht. ISO 10993. Kan steriliseres i autoklave 134\u00b0C\/18\u2019 og med EtO. PROPYLUX\u00ae HS2 er ideel til forarbejdning af sm\u00e5 sterilisationsbeholdere eller tilpasning af containere.<\/p>\n<p><strong>RADEL\u00a0\u00ae: <\/strong>Ekstruderet stang og smal plade af polyphenylsulfon, findes i 8 farver og forskellige dimensioner. Testet iht. ISO 10993. Kan steriliseres i autoklave 134\u00b0C\/18\u2019 og med EtO. Det er et fremragende materiale til emner underlagt meget strenge tekniske krav. Yderst modstandsdygtigt over for sammenpresning og slag, Radel tillader at forarbejde meget komplekse geometrier. F\u00f8rsteklasses materiale til forarbejdet medicinsk udstyr.<\/p>\n<p><strong>LENNITE\u2122: <\/strong>Ekstruderet, implanterbar stang af PE UHMW GUR1050 eller 1020, anvendes til gnidningsflader p\u00e5 implantater til hofte, kn\u00e6, skulder, ankel, rygs\u00f8jle. Steriliseret med Gamma eller EtO.<\/p>\n<p><strong>ZELUX \u00ae GS: <\/strong>Forarbejdeligt polycarbonat til medicinsk udstyr til engangsbrug. Steriliseret med gammastr\u00e5ling.<\/p>\n<p><strong>ETHYLUX \u00ae&amp; ULTRA ETHYLUX\u00ae: <\/strong>Stang og plade i PE-LD og PE-HD, specifikt beregnet til BioPharma-anvendelser.<\/p>\n<p>&nbsp;<\/p>\n<h3><strong>S\u00e6rlige halvprodukter<\/strong><\/h3>\n<p><strong>AEROLITE CARBON\u00ae<\/strong><\/p>\n<p><strong>AROLUX\u2122 PEKK<\/strong><\/p>\n<p><strong>ZELUX\u00ae<\/strong><\/p>\n<p>&nbsp;<\/p>\n<h3><strong>Pr\u00e6stationer i forbindelse med forarbejdning<\/strong><\/h3>\n<p>Vi driver 23 digitale, robotiserede og automatiserede v\u00e6rkt\u00f8jsmaskiner og drejeb\u00e6nke avec en ultra-specialisering: udelukkende plast og medicinsk udstyr.<\/p>\n<p>Vores organisation er certificeret iht. ISO 13485 og vi lever fuldst\u00e6ndigt op til de p\u00e5kr\u00e6vede lovgivningsm\u00e6ssige rammer for \u00bbmedicinsk udstyr\u00ab.<\/p>\n<p>[\/et_pb_text][et_pb_text _builder_version=\u00a0\u00bb4.14.7&Prime; _module_preset=\u00a0\u00bbdefault\u00a0\u00bb header_2_font=\u00a0\u00bb|||on|||||\u00a0\u00bb header_3_font=\u00a0\u00bb|||on|||||\u00a0\u00bb header_3_text_color=\u00a0\u00bb#077584&Prime; text_orientation=\u00a0\u00bbcenter\u00a0\u00bb hover_enabled=\u00a0\u00bb0&Prime; global_colors_info=\u00a0\u00bb{}\u00a0\u00bb sticky_enabled=\u00a0\u00bb0&Prime;]<\/p>\n<h3><img loading=\"lazy\" src=\"https:\/\/wp-europe.com\/fr\/wp-content\/uploads\/sites\/6\/2021\/01\/favicon-300x298.png\" width=\"41\" height=\"41\" alt=\"\" class=\"wp-image-88 alignnone size-medium\" \/><\/h3>\n<h3><a href=\"https:\/\/wp-europe.com\/fr\/#contact\">Kontact<\/a><\/h3>\n<p><span>Westlake Plastics Europe<\/span><br \/><span>2 rue de Maestricht \u2014 59200 <\/span><span>TOURCOING FRANCE<\/span><\/p>\n<p><span>\u00a0<a href=\"mailto:contact@wp-europe.com\" target=\"_blank\" rel=\"noopener\">contact@wp-europe.com<\/a><\/span><\/p>\n<p><span>T\u00e9l. +33 (0)3 20 68 30 35<\/span><br \/><span>\u00a0Fax + 33 (0)3 20 68 07 05<\/span><\/p>\n<p>[\/et_pb_text][\/et_pb_column][\/et_pb_row][\/et_pb_section]<\/p>\n","protected":false},"excerpt":{"rendered":"<p><div class=\"et_pb_module dsm_lottie dsm_lottie_0\">\n\t\t\t\t\n\t\t\t\t\n\t\t\t\t\n\t\t\t\t\n\t\t\t\t<div class=\"et_pb_module_inner\">\n\t\t\t\t\t<div class=\"dsm_lottie_wrapper\" data-percent-viewport=\"\" data-params=[{\"path\":\"https:\\\/\\\/wp-europe.com\\\/fr\\\/wp-content\\\/uploads\\\/sites\\\/6\\\/2021\\\/03\\\/fleur_1x-1.json\",\"loop\":false,\"loop_no\":\"\",\"delay\":\"0ms\",\"direction\":\"1\",\"speed\":\"1.3\",\"hover\":false,\"trigger\":\"on_hover\",\"scroll\":\"on_hover\",\"mouseout\":\"no_action\",\"viewport\":\"80%\"}]>\n\t\t\t<\/div>\n\t\t\t\t<\/div>\n\t\t\t<\/div>Pr\u00e6sentation \u00a0Vi er specialister i polymerkonvertering til halvprodukter samt forarbejdning af halvprodukter i plast til virksomheder med produktion af medicinsk udstyr samt biofarmakologisk udstyr. \u00a0Virksomheden har omkring 160 medarbejdere i USA og i Europa p\u00e5 [&hellip;]<\/p>\n","protected":false},"author":1,"featured_media":0,"parent":0,"menu_order":0,"comment_status":"closed","ping_status":"closed","template":"","meta":{"_et_pb_use_builder":"on","_et_pb_old_content":"","_et_gb_content_width":""},"_links":{"self":[{"href":"https:\/\/wp-europe.com\/fr\/wp-json\/wp\/v2\/pages\/1979"}],"collection":[{"href":"https:\/\/wp-europe.com\/fr\/wp-json\/wp\/v2\/pages"}],"about":[{"href":"https:\/\/wp-europe.com\/fr\/wp-json\/wp\/v2\/types\/page"}],"author":[{"embeddable":true,"href":"https:\/\/wp-europe.com\/fr\/wp-json\/wp\/v2\/users\/1"}],"replies":[{"embeddable":true,"href":"https:\/\/wp-europe.com\/fr\/wp-json\/wp\/v2\/comments?post=1979"}],"version-history":[{"count":7,"href":"https:\/\/wp-europe.com\/fr\/wp-json\/wp\/v2\/pages\/1979\/revisions"}],"predecessor-version":[{"id":3162,"href":"https:\/\/wp-europe.com\/fr\/wp-json\/wp\/v2\/pages\/1979\/revisions\/3162"}],"wp:attachment":[{"href":"https:\/\/wp-europe.com\/fr\/wp-json\/wp\/v2\/media?parent=1979"}],"curies":[{"name":"wp","href":"https:\/\/api.w.org\/{rel}","templated":true}]}}