{"id":1984,"date":"2021-05-18T09:41:28","date_gmt":"2021-05-18T07:41:28","guid":{"rendered":"https:\/\/wp-europe.com\/fr\/?page_id=1984"},"modified":"2022-04-28T16:09:26","modified_gmt":"2022-04-28T14:09:26","slug":"wpe-spain","status":"publish","type":"page","link":"https:\/\/wp-europe.com\/fr\/wpe-spain\/","title":{"rendered":"WPE-Spain"},"content":{"rendered":"<p>[et_pb_section fb_built=\u00a0\u00bb1&Prime; _builder_version=\u00a0\u00bb4.14.7&Prime; _module_preset=\u00a0\u00bbdefault\u00a0\u00bb custom_margin=\u00a0\u00bb0px||||false|false\u00a0\u00bb custom_padding=\u00a0\u00bb0px||0px||false|false\u00a0\u00bb locked=\u00a0\u00bboff\u00a0\u00bb global_colors_info=\u00a0\u00bb{}\u00a0\u00bb][et_pb_row _builder_version=\u00a0\u00bb4.14.7&Prime; _module_preset=\u00a0\u00bbdefault\u00a0\u00bb background_image=\u00a0\u00bbhttps:\/\/wp-europe.com\/fr\/wp-content\/uploads\/sites\/6\/2021\/02\/fond_languages_dark2.jpg\u00a0\u00bb max_width=\u00a0\u00bb1080px\u00a0\u00bb global_colors_info=\u00a0\u00bb{}\u00a0\u00bb][et_pb_column type=\u00a0\u00bb4_4&Prime; _builder_version=\u00a0\u00bb4.14.7&Prime; _module_preset=\u00a0\u00bbdefault\u00a0\u00bb global_colors_info=\u00a0\u00bb{}\u00a0\u00bb][dsm_lottie lottie_url=\u00a0\u00bbhttps:\/\/wp-europe.com\/fr\/wp-content\/uploads\/sites\/6\/2021\/03\/fleur_1x-1.json\u00a0\u00bb lottie_loop=\u00a0\u00bboff\u00a0\u00bb lottie_speed=\u00a0\u00bb1.3&Prime; _builder_version=\u00a0\u00bb4.9.1&Prime; _module_preset=\u00a0\u00bbdefault\u00a0\u00bb width=\u00a0\u00bb10%\u00a0\u00bb width_tablet=\u00a0\u00bb\u00a0\u00bb width_phone=\u00a0\u00bb25%\u00a0\u00bb width_last_edited=\u00a0\u00bbon|phone\u00a0\u00bb module_alignment=\u00a0\u00bbcenter\u00a0\u00bb custom_margin=\u00a0\u00bb150px||||false|false\u00a0\u00bb custom_margin_tablet=\u00a0\u00bb\u00a0\u00bb custom_margin_phone=\u00a0\u00bb0px||||false|false\u00a0\u00bb custom_margin_last_edited=\u00a0\u00bbon|phone\u00a0\u00bb custom_padding=\u00a0\u00bb||50px||false|false\u00a0\u00bb custom_padding_tablet=\u00a0\u00bb\u00a0\u00bb custom_padding_phone=\u00a0\u00bb||50px||false|false\u00a0\u00bb custom_padding_last_edited=\u00a0\u00bbon|phone\u00a0\u00bb locked=\u00a0\u00bboff\u00a0\u00bb global_colors_info=\u00a0\u00bb{}\u00a0\u00bb][\/dsm_lottie][et_pb_cta title=\u00a0\u00bbbienvenido\u00a0\u00bb button_text=\u00a0\u00bbClics\u00a0\u00bb _builder_version=\u00a0\u00bb4.14.7&Prime; _module_preset=\u00a0\u00bbdefault\u00a0\u00bb header_level=\u00a0\u00bbh3&Prime; header_font=\u00a0\u00bb|800||on|||||\u00a0\u00bb header_font_size=\u00a0\u00bb75px\u00a0\u00bb background_color=\u00a0\u00bbRGBA(255,255,255,0)\u00a0\u00bb hover_enabled=\u00a0\u00bb0&Prime; header_text_shadow_style=\u00a0\u00bbpreset2&Prime; header_text_shadow_horizontal_length=\u00a0\u00bb0.06em\u00a0\u00bb header_text_shadow_vertical_length=\u00a0\u00bb0.06em\u00a0\u00bb header_text_shadow_blur_strength=\u00a0\u00bb0.06em\u00a0\u00bb global_colors_info=\u00a0\u00bb{}\u00a0\u00bb sticky_enabled=\u00a0\u00bb0&Prime;][\/et_pb_cta][\/et_pb_column][\/et_pb_row][\/et_pb_section][et_pb_section fb_built=\u00a0\u00bb1&Prime; _builder_version=\u00a0\u00bb4.9.1&Prime; _module_preset=\u00a0\u00bbdefault\u00a0\u00bb global_colors_info=\u00a0\u00bb{}\u00a0\u00bb][et_pb_row _builder_version=\u00a0\u00bb4.9.1&Prime; _module_preset=\u00a0\u00bbdefault\u00a0\u00bb max_width=\u00a0\u00bb1080px\u00a0\u00bb custom_padding=\u00a0\u00bb5px|||||\u00a0\u00bb global_colors_info=\u00a0\u00bb{}\u00a0\u00bb][et_pb_column type=\u00a0\u00bb4_4&Prime; _builder_version=\u00a0\u00bb4.9.1&Prime; _module_preset=\u00a0\u00bbdefault\u00a0\u00bb global_colors_info=\u00a0\u00bb{}\u00a0\u00bb][et_pb_text _builder_version=\u00a0\u00bb4.9.1&Prime; _module_preset=\u00a0\u00bbdefault\u00a0\u00bb custom_margin=\u00a0\u00bb||100px|||\u00a0\u00bb global_colors_info=\u00a0\u00bb{}\u00a0\u00bb]<\/p>\n<h3><strong>Presentaci\u00f3n<\/strong><\/h3>\n<p>\u00a0Somos especialistas en la transformaci\u00f3n de pol\u00edmeros en semiproductos, as\u00ed como la mecanizaci\u00f3n de semiproductos pl\u00e1sticos para los sectores de dispositivos m\u00e9dicos y equipos biofarmac\u00e9uticos.<\/p>\n<p>\u00a0La empresa emplea aproximadamente a 160\u00a0colaboradores en los EE.\u00a0UU. y en Europa en 3\u00a0centros de producci\u00f3n con una alta especializaci\u00f3n en aplicaciones sometidas a limitaciones t\u00e9cnicas y normativas (salud, aeron\u00e1utica y semiconductores).<\/p>\n<p>\u00a0Nuestro saber hacer es doble en el \u00e1mbito de la transformaci\u00f3n de pol\u00edmeros y su mecanizaci\u00f3n. Contamos con una experiencia muy amplia en la realizaci\u00f3n de proyectos t\u00e9cnicos.<\/p>\n<p>Westlake Plastics Europe ofrece un servicio integral que acompa\u00f1a a sus clientes desde incluso la elecci\u00f3n de la formulaci\u00f3n de un pol\u00edmero hasta la realizaci\u00f3n de series, pasando por todas las etapas de cualificaci\u00f3n del concepto.<\/p>\n<p>Al contratar nuestros servicios, ahorrar\u00e1 tiempo y dispondr\u00e1 de un interlocutor \u00fanico para la gesti\u00f3n de su proyecto de materiales y mecanizaci\u00f3n.<\/p>\n<p>&nbsp;<\/p>\n<h3><strong>Semiproductos \u00abLife Science\u00bb <\/strong><\/h3>\n<p><strong>PROPYLUX\u00ae HS: <\/strong>Barras extruidas de polipropileno disponibles en 15\u00a0colores y 11\u00a0di\u00e1metros est\u00e1ndar. Evaluaci\u00f3n de conformidad con ISO\u00a010993. Esterilizable en autoclave a 134\u00a0\u00b0C\/18\u2019 y con EtO. Perfecto para piezas t\u00e9cnicas. Material econ\u00f3mico y eficaz.<\/p>\n<p><strong>PROPYLUX\u00ae HS2<\/strong>: L\u00e1minas prensadas de polipropileno disponibles en 2\u00a0colores y 8\u00a0grosores est\u00e1ndar. Evaluaci\u00f3n de conformidad con ISO\u00a010993. Esterilizable en autoclave a 134\u00a0\u00b0C\/18\u2019 y con EtO. El producto PROPYLUX\u00ae HS2 es perfecto para la mecanizaci\u00f3n de recipientes de esterilizaci\u00f3n peque\u00f1os o destinados a la ordenaci\u00f3n de otros recipientes.<\/p>\n<p><strong>RADEL\u00ae: <\/strong>Barras y l\u00e1minas finas de polifenilsulfona extruidas disponibles en 8\u00a0colores y m\u00faltiples dimensiones. Evaluaci\u00f3n de conformidad con ISO\u00a010993. Esterilizable en autoclave a 134\u00a0\u00b0C\/18\u2019 y con EtO. Se trata del material preferido para las piezas que presentan las mayores limitaciones t\u00e9cnicas. Extremadamente resistente a la compresi\u00f3n y a los impactos, el producto RADEL permite mecanizar geometr\u00edas muy complejas. Materia prima para dispositivos m\u00e9dicos mecanizados.<\/p>\n<p><strong>LENNITE\u2122: <\/strong>Barras extruidas de PE UHMW GUR1050 o 1020 implantables utilizadas para las superficies de fricci\u00f3n de los implantes de cadera, rodilla, hombro, tobillo y columna. Esterilizable con radiaci\u00f3n gamma o EtO.<\/p>\n<p><strong>ZELUX\u00ae GS: <\/strong>Policarbonato mecanizable para dispositivos de un solo uso. Esterilizable con radiaci\u00f3n gamma.<\/p>\n<p><strong>ETHYLUX\u00ae Y ULTRA ETHYLUX\u00ae:<\/strong> Barras y l\u00e1minas de PE-LD y PE-HD, utilizadas espec\u00edficamente para aplicaciones biofarmac\u00e9uticas.<\/p>\n<p>&nbsp;<\/p>\n<h3><strong>Semiproductos espec\u00edficos<\/strong><\/h3>\n<p><strong>AEROLITE CARBON\u00ae<\/strong><\/p>\n<p><strong>AROLUX\u2122 PEKK<\/strong><\/p>\n<p><strong>ZELUX\u00ae<\/strong><\/p>\n<p>&nbsp;<\/p>\n<h3><strong>Servicios de mecanizaci\u00f3n<\/strong><\/h3>\n<p>Contamos con 23\u00a0centros y tornos de control num\u00e9rico robotizados, automatizados y ultraespecializados: solo mecanizan dispositivos m\u00e9dicos y pl\u00e1stico.<\/p>\n<p>Nuestra organizaci\u00f3n cuenta con el certificado ISO\u00a013485 de referencia y controla a la perfecci\u00f3n el marco normativo de los dispositivos m\u00e9dicos.<\/p>\n<p>Todo nuestro equipo est\u00e1 a su disposici\u00f3n para acompa\u00f1arle desde las fases de dise\u00f1o gracias a nuestro servicio de m\u00e9todos, que cuenta con numerosos a\u00f1os de experiencia t\u00e9cnica. Nuestros servicios van desde la realizaci\u00f3n del prototipo hasta la realizaci\u00f3n de series, incluyendo, a la carta, todos sus requisitos t\u00e9cnicos, normativos y de calidad.<\/p>\n<p>Por \u00faltimo, nuestros servicios de calidad y de asuntos normativos, que se benefician de nuestra doble competencia en materiales y mecanizaci\u00f3n, le acompa\u00f1ar\u00e1n y responder\u00e1n a todas sus solicitudes relacionadas con la fabricaci\u00f3n de sus productos.<\/p>\n<p>[\/et_pb_text][et_pb_text _builder_version=\u00a0\u00bb4.14.7&Prime; _module_preset=\u00a0\u00bbdefault\u00a0\u00bb header_2_font=\u00a0\u00bb|||on|||||\u00a0\u00bb header_3_font=\u00a0\u00bb|||on|||||\u00a0\u00bb header_3_text_color=\u00a0\u00bb#077584&Prime; text_orientation=\u00a0\u00bbcenter\u00a0\u00bb hover_enabled=\u00a0\u00bb0&Prime; global_colors_info=\u00a0\u00bb{}\u00a0\u00bb sticky_enabled=\u00a0\u00bb0&Prime;]<\/p>\n<h3><img loading=\"lazy\" src=\"https:\/\/wp-europe.com\/fr\/wp-content\/uploads\/sites\/6\/2021\/01\/favicon-300x298.png\" width=\"41\" height=\"41\" alt=\"\" class=\"wp-image-88 alignnone size-medium\" \/><\/h3>\n<h3><a href=\"https:\/\/wp-europe.com\/fr\/#contact\">Contactar<\/a><\/h3>\n<p><span>Westlake Plastics Europe<\/span><br \/><span>2 rue de Maestricht \u2014 59200 <\/span><span>TOURCOING FRANCE<\/span><\/p>\n<p><span>\u00a0<a href=\"mailto:contact@wp-europe.com\" target=\"_blank\" rel=\"noopener\">contact@wp-europe.com<\/a><\/span><\/p>\n<p><span>T\u00e9l. +33 (0)3 20 68 30 35<\/span><br \/><span>\u00a0Fax + 33 (0)3 20 68 07 05<\/span><\/p>\n<p>[\/et_pb_text][\/et_pb_column][\/et_pb_row][\/et_pb_section]<\/p>\n","protected":false},"excerpt":{"rendered":"<p><div class=\"et_pb_module dsm_lottie dsm_lottie_0\">\n\t\t\t\t\n\t\t\t\t\n\t\t\t\t\n\t\t\t\t\n\t\t\t\t<div class=\"et_pb_module_inner\">\n\t\t\t\t\t<div class=\"dsm_lottie_wrapper\" data-percent-viewport=\"\" data-params=[{\"path\":\"https:\\\/\\\/wp-europe.com\\\/fr\\\/wp-content\\\/uploads\\\/sites\\\/6\\\/2021\\\/03\\\/fleur_1x-1.json\",\"loop\":false,\"loop_no\":\"\",\"delay\":\"0ms\",\"direction\":\"1\",\"speed\":\"1.3\",\"hover\":false,\"trigger\":\"on_hover\",\"scroll\":\"on_hover\",\"mouseout\":\"no_action\",\"viewport\":\"80%\"}]>\n\t\t\t<\/div>\n\t\t\t\t<\/div>\n\t\t\t<\/div>Presentaci\u00f3n \u00a0Somos especialistas en la transformaci\u00f3n de pol\u00edmeros en semiproductos, as\u00ed como la mecanizaci\u00f3n de semiproductos pl\u00e1sticos para los sectores de dispositivos m\u00e9dicos y equipos biofarmac\u00e9uticos. \u00a0La empresa emplea aproximadamente a 160\u00a0colaboradores en los EE.\u00a0UU. [&hellip;]<\/p>\n","protected":false},"author":1,"featured_media":0,"parent":0,"menu_order":0,"comment_status":"closed","ping_status":"closed","template":"","meta":{"_et_pb_use_builder":"on","_et_pb_old_content":"","_et_gb_content_width":""},"_links":{"self":[{"href":"https:\/\/wp-europe.com\/fr\/wp-json\/wp\/v2\/pages\/1984"}],"collection":[{"href":"https:\/\/wp-europe.com\/fr\/wp-json\/wp\/v2\/pages"}],"about":[{"href":"https:\/\/wp-europe.com\/fr\/wp-json\/wp\/v2\/types\/page"}],"author":[{"embeddable":true,"href":"https:\/\/wp-europe.com\/fr\/wp-json\/wp\/v2\/users\/1"}],"replies":[{"embeddable":true,"href":"https:\/\/wp-europe.com\/fr\/wp-json\/wp\/v2\/comments?post=1984"}],"version-history":[{"count":7,"href":"https:\/\/wp-europe.com\/fr\/wp-json\/wp\/v2\/pages\/1984\/revisions"}],"predecessor-version":[{"id":3151,"href":"https:\/\/wp-europe.com\/fr\/wp-json\/wp\/v2\/pages\/1984\/revisions\/3151"}],"wp:attachment":[{"href":"https:\/\/wp-europe.com\/fr\/wp-json\/wp\/v2\/media?parent=1984"}],"curies":[{"name":"wp","href":"https:\/\/api.w.org\/{rel}","templated":true}]}}