{"id":1988,"date":"2021-05-18T09:43:47","date_gmt":"2021-05-18T07:43:47","guid":{"rendered":"https:\/\/wp-europe.com\/fr\/?page_id=1988"},"modified":"2022-04-28T16:20:00","modified_gmt":"2022-04-28T14:20:00","slug":"wpe-finland","status":"publish","type":"page","link":"https:\/\/wp-europe.com\/fr\/wpe-finland\/","title":{"rendered":"WPE-Finland"},"content":{"rendered":"<p>[et_pb_section fb_built=\u00a0\u00bb1&Prime; _builder_version=\u00a0\u00bb4.14.7&Prime; _module_preset=\u00a0\u00bbdefault\u00a0\u00bb custom_margin=\u00a0\u00bb0px||||false|false\u00a0\u00bb custom_padding=\u00a0\u00bb0px||0px||false|false\u00a0\u00bb locked=\u00a0\u00bboff\u00a0\u00bb global_colors_info=\u00a0\u00bb{}\u00a0\u00bb][et_pb_row _builder_version=\u00a0\u00bb4.14.7&Prime; _module_preset=\u00a0\u00bbdefault\u00a0\u00bb background_image=\u00a0\u00bbhttps:\/\/wp-europe.com\/fr\/wp-content\/uploads\/sites\/6\/2021\/02\/fond_languages_dark2.jpg\u00a0\u00bb max_width=\u00a0\u00bb1080px\u00a0\u00bb global_colors_info=\u00a0\u00bb{}\u00a0\u00bb][et_pb_column type=\u00a0\u00bb4_4&Prime; _builder_version=\u00a0\u00bb4.14.7&Prime; _module_preset=\u00a0\u00bbdefault\u00a0\u00bb global_colors_info=\u00a0\u00bb{}\u00a0\u00bb][dsm_lottie lottie_url=\u00a0\u00bbhttps:\/\/wp-europe.com\/fr\/wp-content\/uploads\/sites\/6\/2021\/03\/fleur_1x-1.json\u00a0\u00bb lottie_loop=\u00a0\u00bboff\u00a0\u00bb lottie_speed=\u00a0\u00bb1.3&Prime; _builder_version=\u00a0\u00bb4.9.1&Prime; _module_preset=\u00a0\u00bbdefault\u00a0\u00bb width=\u00a0\u00bb10%\u00a0\u00bb width_tablet=\u00a0\u00bb\u00a0\u00bb width_phone=\u00a0\u00bb25%\u00a0\u00bb width_last_edited=\u00a0\u00bbon|phone\u00a0\u00bb module_alignment=\u00a0\u00bbcenter\u00a0\u00bb custom_margin=\u00a0\u00bb150px||||false|false\u00a0\u00bb custom_margin_tablet=\u00a0\u00bb\u00a0\u00bb custom_margin_phone=\u00a0\u00bb0px||||false|false\u00a0\u00bb custom_margin_last_edited=\u00a0\u00bbon|phone\u00a0\u00bb custom_padding=\u00a0\u00bb||50px||false|false\u00a0\u00bb custom_padding_tablet=\u00a0\u00bb\u00a0\u00bb custom_padding_phone=\u00a0\u00bb||50px||false|false\u00a0\u00bb custom_padding_last_edited=\u00a0\u00bbon|phone\u00a0\u00bb locked=\u00a0\u00bboff\u00a0\u00bb global_colors_info=\u00a0\u00bb{}\u00a0\u00bb][\/dsm_lottie][et_pb_cta title=\u00a0\u00bbTervetuloa\u00a0\u00bb button_text=\u00a0\u00bbClics\u00a0\u00bb _builder_version=\u00a0\u00bb4.14.7&Prime; _module_preset=\u00a0\u00bbdefault\u00a0\u00bb header_level=\u00a0\u00bbh3&Prime; header_font=\u00a0\u00bb|800||on|||||\u00a0\u00bb header_font_size=\u00a0\u00bb75px\u00a0\u00bb background_color=\u00a0\u00bbRGBA(255,255,255,0)\u00a0\u00bb hover_enabled=\u00a0\u00bb0&Prime; header_text_shadow_style=\u00a0\u00bbpreset2&Prime; header_text_shadow_horizontal_length=\u00a0\u00bb0.06em\u00a0\u00bb header_text_shadow_vertical_length=\u00a0\u00bb0.06em\u00a0\u00bb header_text_shadow_blur_strength=\u00a0\u00bb0.06em\u00a0\u00bb global_colors_info=\u00a0\u00bb{}\u00a0\u00bb sticky_enabled=\u00a0\u00bb0&Prime;][\/et_pb_cta][\/et_pb_column][\/et_pb_row][\/et_pb_section][et_pb_section fb_built=\u00a0\u00bb1&Prime; _builder_version=\u00a0\u00bb4.9.1&Prime; _module_preset=\u00a0\u00bbdefault\u00a0\u00bb global_colors_info=\u00a0\u00bb{}\u00a0\u00bb][et_pb_row _builder_version=\u00a0\u00bb4.9.1&Prime; _module_preset=\u00a0\u00bbdefault\u00a0\u00bb max_width=\u00a0\u00bb1080px\u00a0\u00bb custom_padding=\u00a0\u00bb5px|||||\u00a0\u00bb global_colors_info=\u00a0\u00bb{}\u00a0\u00bb][et_pb_column type=\u00a0\u00bb4_4&Prime; _builder_version=\u00a0\u00bb4.9.1&Prime; _module_preset=\u00a0\u00bbdefault\u00a0\u00bb global_colors_info=\u00a0\u00bb{}\u00a0\u00bb][et_pb_text _builder_version=\u00a0\u00bb4.9.1&Prime; _module_preset=\u00a0\u00bbdefault\u00a0\u00bb custom_margin=\u00a0\u00bb||100px|||\u00a0\u00bb global_colors_info=\u00a0\u00bb{}\u00a0\u00bb]<\/p>\n<h3><strong>Esittely<\/strong><\/h3>\n<p>\u00a0Olemme erikoistuneet polymeerien muuntamiseen puolivalmisteiksi sek\u00e4 muovisten puolivalmisteiden valmistamiseen terveydenhuollon laitteiden teollisuudelle ja biologisen l\u00e4\u00e4keteollisuuden tarpeisiin.<\/p>\n<p>\u00a0Yhti\u00f6 ty\u00f6llist\u00e4\u00e4 Yhdysvalloissa ja Euroopassa noin 160 ty\u00f6ntekij\u00e4\u00e4 kolmessa tuotantokeskuksessa, joissa on vahva erikoistuminen sellaisiin sovelluksiin, joihin liittyy teknisi\u00e4 rajoitteita ja s\u00e4\u00e4ntely\u00e4 (terveys, ilmailu, puolijohde).<\/p>\n<p>\u00a0Osaamisemme on kaksitahoista kattaen sek\u00e4 polymeerien valmistamisen ett\u00e4 niiden ty\u00f6st\u00e4misen. Meill\u00e4 on my\u00f6s hyvin pitk\u00e4 kokemus teknisten hankkeiden toteuttamisesta.<\/p>\n<p>\u00a0Westlake Plastics Europe on keskitetty palvelupiste, joka auttaa asiakkaita heid\u00e4n valitessaan polymeeri\u00e4 tai sen koostumusta aina laitteiden sarjatuotantoon asti kaikissa eri vaiheissa.<\/p>\n<p>\u00a0Palvelumme s\u00e4\u00e4st\u00e4v\u00e4t aikaanne, ja ne tarjoavat yhden ainoan yhteysty\u00f6tahon materiaalin ja tuotteen valmistamisen hallintaa varten.<\/p>\n<p>&nbsp;<\/p>\n<h3><strong>Biotieteiden puolivalmisteet <\/strong><\/h3>\n<p><strong>PROPYLUX \u00ae HS: <\/strong>Polypropeenista puristettua tankoa on saatavana 15 v\u00e4riss\u00e4 ja 11 eri vakiohalkaisijalla. Testattu standardin ISO 10993 mukaisesti. Steriloitavissa autoklavoimalla 134\u00b0C\/18&prime; ja EtO:lla. Sopii erinomaisesti teknisiin laitteisiin. Taloudellinen ja tehokas materiaali.<\/p>\n<p><strong>PROPYLUX\u00ae HS2<\/strong>: Polypropeenista puristettua levy\u00e4 on saatavana 2 eri v\u00e4riss\u00e4 ja 8 eri vakiopaksuudella. Testattu standardin ISO 10993 mukaisesti. Steriloitavissa autoklavoimalla 134\u00b0C\/18&prime; ja EtO:lla. PROPYLUX\u00ae HS2 soveltuu erinomaisesti pienten sterilointi- tai j\u00e4rjestelyastioiden valmistamiseen.<\/p>\n<p><strong>RADEL \u00ae: <\/strong>Polyfenyylisulfonista puristettu tanko ja ohut levy saatavana 8 v\u00e4riss\u00e4 ja eri ko\u2019oissa. Testattu standardin ISO 10993 mukaisesti. Steriloitavissa autoklavoimalla 134\u00b0C\/18&prime; ja EtO:lla. Materiaali sopii teknisesti vaativien tarvikkeiden valmistamiseen. Radel on eritt\u00e4in iskun- ja paineenkest\u00e4v\u00e4, ja siit\u00e4 on mahdollista valmistaa monimutkaisia muotoja. Ensiluokkainen materiaali terveydenhuollon laitteita varten.<\/p>\n<p><strong>LENNITE\u2122: <\/strong>PE UHMW GUR 1050:st\u00e4 tai implantoitavasta 1020:st\u00e4 puristettu tanko, jota k\u00e4ytet\u00e4\u00e4n lonkan, polven, olkap\u00e4\u00e4n, nilkan ja sel\u00e4n implanttien kitkapinnoilla. Gamma- tai EtO-sterilointi.<\/p>\n<p><strong>ZELUX \u00ae GS: <\/strong>Ty\u00f6stett\u00e4v\u00e4\u00e4 polykarbonaattia kertak\u00e4ytt\u00f6isiin laitteisiin. Gammasterilointi.<\/p>\n<p><strong>ETHYLUX \u00ae&amp; ULTRA ETHYLUX\u00ae: <\/strong>PE-LD- ja PE-HD-tanko ja -levy, erityisesti biol\u00e4\u00e4ketieteen laitteille.<\/p>\n<p>&nbsp;<\/p>\n<h3><strong>Erityiset puolivalmisteet<\/strong><\/h3>\n<p><strong>AEROLITE CARBON\u00ae<\/strong><\/p>\n<p><strong>AROLUX\u2122 PEKK<\/strong><\/p>\n<p><strong>ZELUX\u00ae<\/strong><\/p>\n<p>&nbsp;<\/p>\n<h3><strong>Tuotannon esittely<\/strong><\/h3>\n<p>Meill\u00e4 on 23 numeerisesti ohjattavaa, robotisoitua ja automatisoitua keskusta ja yksikk\u00f6\u00e4, jotka ovat erikoistuneet vain muoviin ja l\u00e4\u00e4ketieteellisiin laitteisiin.<\/p>\n<p>Organisaatiomme on ISO 13485 -sertifioitu, ja olemme t\u00e4ysin perehtyneet \u00ab\u00a0l\u00e4\u00e4ketieteellisten laitteiden\u00a0\u00bb s\u00e4\u00e4ntely-ymp\u00e4rist\u00f6\u00f6n.<\/p>\n<p>Koko tiimimme on k\u00e4ytett\u00e4viss\u00e4nne suunnitteluvaiheesta l\u00e4htien. Menetelm\u00e4osastollamme on vuosien tekninen asiantuntemus. Palvelumme kattavat kaikki vaiheet prototyyppien valmistamisesta laitteiden sarjatuotantoon, ja prosessiin integroidaan kaikki toivomanne tekniset, laatu- ja viranomaisvaatimukset.<\/p>\n<p>Laatu- ja s\u00e4\u00e4ntelypalvelumme, jotka hy\u00f6dynt\u00e4v\u00e4t kaksiosaista erikoistuneisuuttamme materiaaliosaamiseen ja valmistamiseen, tulevat mukaan kaikkiin tuotantovaiheisiin ja vastaavat niihin liittyviin kysymyksiin.<\/p>\n<p>[\/et_pb_text][et_pb_text _builder_version=\u00a0\u00bb4.14.7&Prime; _module_preset=\u00a0\u00bbdefault\u00a0\u00bb header_2_font=\u00a0\u00bb|||on|||||\u00a0\u00bb header_3_font=\u00a0\u00bb|||on|||||\u00a0\u00bb header_3_text_color=\u00a0\u00bb#077584&Prime; text_orientation=\u00a0\u00bbcenter\u00a0\u00bb hover_enabled=\u00a0\u00bb0&Prime; global_colors_info=\u00a0\u00bb{}\u00a0\u00bb sticky_enabled=\u00a0\u00bb0&Prime;]<\/p>\n<h3><img loading=\"lazy\" src=\"https:\/\/wp-europe.com\/fr\/wp-content\/uploads\/sites\/6\/2021\/01\/favicon-300x298.png\" width=\"41\" height=\"41\" alt=\"\" class=\"wp-image-88 alignnone size-medium\" \/><\/h3>\n<h3><a href=\"https:\/\/wp-europe.com\/fr\/#contact\">Ottaa yhteytt\u00e4<\/a><\/h3>\n<p><span>Westlake Plastics Europe<\/span><br \/><span>2 rue de Maestricht \u2014 59200 <\/span><span>TOURCOING FRANCE<\/span><\/p>\n<p><span>\u00a0<a href=\"mailto:contact@wp-europe.com\" target=\"_blank\" rel=\"noopener\">contact@wp-europe.com<\/a><\/span><\/p>\n<p><span>T\u00e9l. +33 (0)3 20 68 30 35<\/span><br \/><span>\u00a0Fax + 33 (0)3 20 68 07 05<\/span><\/p>\n<p>[\/et_pb_text][\/et_pb_column][\/et_pb_row][\/et_pb_section]<\/p>\n","protected":false},"excerpt":{"rendered":"<p><div class=\"et_pb_module dsm_lottie dsm_lottie_0\">\n\t\t\t\t\n\t\t\t\t\n\t\t\t\t\n\t\t\t\t\n\t\t\t\t<div class=\"et_pb_module_inner\">\n\t\t\t\t\t<div class=\"dsm_lottie_wrapper\" data-percent-viewport=\"\" data-params=[{\"path\":\"https:\\\/\\\/wp-europe.com\\\/fr\\\/wp-content\\\/uploads\\\/sites\\\/6\\\/2021\\\/03\\\/fleur_1x-1.json\",\"loop\":false,\"loop_no\":\"\",\"delay\":\"0ms\",\"direction\":\"1\",\"speed\":\"1.3\",\"hover\":false,\"trigger\":\"on_hover\",\"scroll\":\"on_hover\",\"mouseout\":\"no_action\",\"viewport\":\"80%\"}]>\n\t\t\t<\/div>\n\t\t\t\t<\/div>\n\t\t\t<\/div>Esittely \u00a0Olemme erikoistuneet polymeerien muuntamiseen puolivalmisteiksi sek\u00e4 muovisten puolivalmisteiden valmistamiseen terveydenhuollon laitteiden teollisuudelle ja biologisen l\u00e4\u00e4keteollisuuden tarpeisiin. \u00a0Yhti\u00f6 ty\u00f6llist\u00e4\u00e4 Yhdysvalloissa ja Euroopassa noin 160 ty\u00f6ntekij\u00e4\u00e4 kolmessa tuotantokeskuksessa, joissa on vahva erikoistuminen sellaisiin sovelluksiin, joihin liittyy [&hellip;]<\/p>\n","protected":false},"author":1,"featured_media":0,"parent":0,"menu_order":0,"comment_status":"closed","ping_status":"closed","template":"","meta":{"_et_pb_use_builder":"on","_et_pb_old_content":"","_et_gb_content_width":""},"_links":{"self":[{"href":"https:\/\/wp-europe.com\/fr\/wp-json\/wp\/v2\/pages\/1988"}],"collection":[{"href":"https:\/\/wp-europe.com\/fr\/wp-json\/wp\/v2\/pages"}],"about":[{"href":"https:\/\/wp-europe.com\/fr\/wp-json\/wp\/v2\/types\/page"}],"author":[{"embeddable":true,"href":"https:\/\/wp-europe.com\/fr\/wp-json\/wp\/v2\/users\/1"}],"replies":[{"embeddable":true,"href":"https:\/\/wp-europe.com\/fr\/wp-json\/wp\/v2\/comments?post=1988"}],"version-history":[{"count":7,"href":"https:\/\/wp-europe.com\/fr\/wp-json\/wp\/v2\/pages\/1988\/revisions"}],"predecessor-version":[{"id":3159,"href":"https:\/\/wp-europe.com\/fr\/wp-json\/wp\/v2\/pages\/1988\/revisions\/3159"}],"wp:attachment":[{"href":"https:\/\/wp-europe.com\/fr\/wp-json\/wp\/v2\/media?parent=1988"}],"curies":[{"name":"wp","href":"https:\/\/api.w.org\/{rel}","templated":true}]}}