{"id":1999,"date":"2021-05-18T09:50:01","date_gmt":"2021-05-18T07:50:01","guid":{"rendered":"https:\/\/wp-europe.com\/fr\/?page_id=1999"},"modified":"2022-04-28T16:15:39","modified_gmt":"2022-04-28T14:15:39","slug":"wpe-poland","status":"publish","type":"page","link":"https:\/\/wp-europe.com\/fr\/wpe-poland\/","title":{"rendered":"WPE-Poland"},"content":{"rendered":"<p>[et_pb_section fb_built=\u00a0\u00bb1&Prime; _builder_version=\u00a0\u00bb4.14.7&Prime; _module_preset=\u00a0\u00bbdefault\u00a0\u00bb custom_margin=\u00a0\u00bb0px||||false|false\u00a0\u00bb custom_padding=\u00a0\u00bb0px||0px||false|false\u00a0\u00bb locked=\u00a0\u00bboff\u00a0\u00bb global_colors_info=\u00a0\u00bb{}\u00a0\u00bb][et_pb_row _builder_version=\u00a0\u00bb4.14.7&Prime; _module_preset=\u00a0\u00bbdefault\u00a0\u00bb background_image=\u00a0\u00bbhttps:\/\/wp-europe.com\/fr\/wp-content\/uploads\/sites\/6\/2021\/02\/fond_languages_dark2.jpg\u00a0\u00bb max_width=\u00a0\u00bb1080px\u00a0\u00bb global_colors_info=\u00a0\u00bb{}\u00a0\u00bb][et_pb_column type=\u00a0\u00bb4_4&Prime; _builder_version=\u00a0\u00bb4.14.7&Prime; _module_preset=\u00a0\u00bbdefault\u00a0\u00bb global_colors_info=\u00a0\u00bb{}\u00a0\u00bb][dsm_lottie lottie_url=\u00a0\u00bbhttps:\/\/wp-europe.com\/fr\/wp-content\/uploads\/sites\/6\/2021\/03\/fleur_1x-1.json\u00a0\u00bb lottie_loop=\u00a0\u00bboff\u00a0\u00bb lottie_speed=\u00a0\u00bb1.3&Prime; _builder_version=\u00a0\u00bb4.9.1&Prime; _module_preset=\u00a0\u00bbdefault\u00a0\u00bb width=\u00a0\u00bb10%\u00a0\u00bb width_tablet=\u00a0\u00bb\u00a0\u00bb width_phone=\u00a0\u00bb25%\u00a0\u00bb width_last_edited=\u00a0\u00bbon|phone\u00a0\u00bb module_alignment=\u00a0\u00bbcenter\u00a0\u00bb custom_margin=\u00a0\u00bb150px||||false|false\u00a0\u00bb custom_margin_tablet=\u00a0\u00bb\u00a0\u00bb custom_margin_phone=\u00a0\u00bb0px||||false|false\u00a0\u00bb custom_margin_last_edited=\u00a0\u00bbon|phone\u00a0\u00bb custom_padding=\u00a0\u00bb||50px||false|false\u00a0\u00bb custom_padding_tablet=\u00a0\u00bb\u00a0\u00bb custom_padding_phone=\u00a0\u00bb||50px||false|false\u00a0\u00bb custom_padding_last_edited=\u00a0\u00bbon|phone\u00a0\u00bb locked=\u00a0\u00bboff\u00a0\u00bb global_colors_info=\u00a0\u00bb{}\u00a0\u00bb][\/dsm_lottie][et_pb_cta title=\u00a0\u00bbWitam\u00a0\u00bb button_text=\u00a0\u00bbClics\u00a0\u00bb _builder_version=\u00a0\u00bb4.14.7&Prime; _module_preset=\u00a0\u00bbdefault\u00a0\u00bb header_level=\u00a0\u00bbh3&Prime; header_font=\u00a0\u00bb|800||on|||||\u00a0\u00bb header_font_size=\u00a0\u00bb75px\u00a0\u00bb background_color=\u00a0\u00bbRGBA(255,255,255,0)\u00a0\u00bb hover_enabled=\u00a0\u00bb0&Prime; header_text_shadow_style=\u00a0\u00bbpreset2&Prime; header_text_shadow_horizontal_length=\u00a0\u00bb0.06em\u00a0\u00bb header_text_shadow_vertical_length=\u00a0\u00bb0.06em\u00a0\u00bb header_text_shadow_blur_strength=\u00a0\u00bb0.06em\u00a0\u00bb global_colors_info=\u00a0\u00bb{}\u00a0\u00bb sticky_enabled=\u00a0\u00bb0&Prime;][\/et_pb_cta][\/et_pb_column][\/et_pb_row][\/et_pb_section][et_pb_section fb_built=\u00a0\u00bb1&Prime; _builder_version=\u00a0\u00bb4.9.1&Prime; _module_preset=\u00a0\u00bbdefault\u00a0\u00bb global_colors_info=\u00a0\u00bb{}\u00a0\u00bb][et_pb_row _builder_version=\u00a0\u00bb4.9.1&Prime; _module_preset=\u00a0\u00bbdefault\u00a0\u00bb max_width=\u00a0\u00bb1080px\u00a0\u00bb custom_padding=\u00a0\u00bb5px|||||\u00a0\u00bb global_colors_info=\u00a0\u00bb{}\u00a0\u00bb][et_pb_column type=\u00a0\u00bb4_4&Prime; _builder_version=\u00a0\u00bb4.9.1&Prime; _module_preset=\u00a0\u00bbdefault\u00a0\u00bb global_colors_info=\u00a0\u00bb{}\u00a0\u00bb][et_pb_text _builder_version=\u00a0\u00bb4.9.1&Prime; _module_preset=\u00a0\u00bbdefault\u00a0\u00bb custom_margin=\u00a0\u00bb100px||100px||true|\u00a0\u00bb hover_enabled=\u00a0\u00bb0&Prime; global_colors_info=\u00a0\u00bb{}\u00a0\u00bb sticky_enabled=\u00a0\u00bb0&Prime;]<\/p>\n<h3><strong>Prezentacja<\/strong><\/h3>\n<p>\u00a0Nasza firma jest specjalizuje si\u0119 w\u00a0dziedzinie przerobu polimer\u00f3w na p\u00f3\u0142produkty oraz obr\u00f3bki skrawaniem p\u00f3\u0142produkt\u00f3w z\u00a0tworzyw sztucznych dla przemys\u0142u wyrob\u00f3w medycznych i\u00a0wyposa\u017cenia biofarmaceutycznego.<\/p>\n<p>Firma zatrudnia oko\u0142o 160\u00a0os\u00f3b w\u00a0USA i\u00a0Europie, w\u00a0trzech zak\u0142adach produkcyjnych o\u00a0silnej specjalizacji w\u00a0zakresie zastosowa\u0144 podlegaj\u0105cych \u015bci\u015ble okre\u015blonym wymaganiom technicznym i\u00a0regulacyjnym (zdrowie, aeronautyka, p\u00f3\u0142przewodniki).<\/p>\n<p>\u00a0Nasza firma dysponuje bogat\u0105 wiedz\u0105 w\u00a0dziedzinie konwersji polimer\u00f3w i\u00a0ich obr\u00f3bki skrawaniem. Ponadto dysponujemy bardzo du\u017cym do\u015bwiadczeniem w\u00a0realizacji projekt\u00f3w technicznych.<\/p>\n<p>Firma Westlake Plastics Europe stanowi \u201epojedynczy punkt kontaktu\u201d, zapewniaj\u0105cy swoim klientom wsparcie w\u00a0zakresie wyboru, a\u00a0nawet opracowywania od podstaw indywidualnych formu\u0142 polimer\u00f3w, a\u017c do produkcji seryjnej, poprzez wszystkie etapy kwalifikacji koncepcji.<\/p>\n<p>\u00a0Skorzystanie z\u00a0naszych us\u0142ug pozwoli Pa\u0144stwu zaoszcz\u0119dzi\u0107 czas i\u00a0dysponowa\u0107 pojedynczym punktem kontaktu w\u00a0zakresie zarz\u0105dzania Pa\u0144stwa projektami dotycz\u0105cymi materia\u0142\u00f3w oraz ich obr\u00f3bki.<\/p>\n<p>&nbsp;<\/p>\n<h3><strong>P\u00f3\u0142produkty \u201eLife Science\u201d<\/strong><\/h3>\n<p><strong>PROPYLUX\u00ae HS: <\/strong>wyt\u0142aczane pr\u0119ty polipropylenowe dost\u0119pne w\u00a015\u00a0kolorach i\u00a011\u00a0standardowych \u015brednicach. Przetestowane zgodnie z\u00a0norm\u0105 ISO\u00a010993. Mo\u017cliwo\u015b\u0107 sterylizacji w\u00a0autoklawie w\u00a0temperaturze 134\u00b0C\/18\u2019 i\u00a0EtO. Idealne do cz\u0119\u015bci technicznych. Materia\u0142 ekonomiczny i\u00a0wydajny.<\/p>\n<p><strong>PROPYLUX\u00ae HS2<\/strong>: prasowane arkusze polipropylenu dost\u0119pne w\u00a02\u00a0kolorach i\u00a08\u00a0standardowych grubo\u015bciach. Przetestowane zgodnie z norm\u0105 ISO\u00a010993. Mo\u017cliwo\u015b\u0107 sterylizacji w\u00a0autoklawie w\u00a0temperaturze 134\u00b0C\/18\u2019 i\u00a0EtO. PROPYLUX\u00ae HS2 doskonale nadaje si\u0119 do obr\u00f3bki ma\u0142ych pojemnik\u00f3w do sterylizacji lub element\u00f3w mocuj\u0105cych pojemnik\u00f3w.<\/p>\n<p><strong>RADEL\u00ae: <\/strong>wyt\u0142aczane cienkie pr\u0119ty i\u00a0p\u0142ytki z\u00a0polifenylosulfonu dost\u0119pne w\u00a08\u00a0kolorach i\u00a0wielu rozmiarach. Przetestowane zgodnie z\u00a0norm\u0105 ISO\u00a010993. Mo\u017cliwo\u015b\u0107 sterylizacji w\u00a0autoklawie w\u00a0temperaturze 134\u00b0C\/18\u2019 i\u00a0EtO. Materia\u0142 ten doskonale nadaje si\u0119 do produkcji cz\u0119\u015bci o\u00a0najwy\u017cszych wymaganiach technicznych. Niezwykle odporny na \u015bciskanie i\u00a0uderzenia materia\u0142 Radel umo\u017cliwia obrabianie bardzo z\u0142o\u017conych kszta\u0142t\u00f3w. Najwy\u017cszej jako\u015bci materia\u0142 do obr\u00f3bki urz\u0105dze\u0144 medycznych.<\/p>\n<p><strong>LENNITE\u2122: <\/strong>pr\u0119ty wyt\u0142aczane z\u00a0materia\u0142u PE UHMW GUR1050 lub 1020, wszczepialne, stosowane do produkcji powierzchni ciernych implant\u00f3w biodrowych, kolanowych, barkowych, staw\u00f3w skokowych, kr\u0119gos\u0142upa. Sterylizacja promieniowaniem Gamma lub EtO.<\/p>\n<p><strong>ZELUX\u00ae GS: <\/strong>obrabialny poliw\u0119glan do urz\u0105dze\u0144 jednorazowego u\u017cytku. Sterylizacja promieniowaniem Gamma.<\/p>\n<p><strong>ETHYLUX\u00ae &amp; ULTRA ETHYLUX\u00ae: <\/strong>pr\u0119ty i\u00a0p\u0142ytki z\u00a0materia\u0142\u00f3w PE-LD i PE-HD przeznaczone specjalnie do zastosowa\u0144 biofarmaceutycznych.<\/p>\n<p>&nbsp;<\/p>\n<h3><strong>Specyficzne p\u00f3\u0142produkty<\/strong><\/h3>\n<p><strong>AEROLITE CARBON\u00ae<\/strong><\/p>\n<p><strong>AROLUX\u2122 PEKK<\/strong><\/p>\n<p><strong>ZELUX\u00ae<\/strong><\/p>\n<p>&nbsp;<\/p>\n<h3><strong>Us\u0142ugi obr\u00f3bki skrawaniem<\/strong><\/h3>\n<p>Dysponujemy 23 centrami obr\u00f3bki skrawaniem oraz w\u00a0pe\u0142ni zrobotyzowanymi i\u00a0zautomatyzowanymi, sterowanymi cyfrowo, \u015bci\u015ble wyspecjalizowanymi tokarkami, przeznaczonymi wy\u0142\u0105cznie do obr\u00f3bki tworzyw sztucznych i\u00a0wyrob\u00f3w medycznych.<\/p>\n<p>Nasza firma posiada certyfikat ISO\u00a013485, a\u00a0ponadto mamy doskona\u0142\u0105 kontrol\u0119 nad \u015brodowiskiem regulacyjnym obowi\u0105zuj\u0105cym w\u00a0odniesieniu do wyrob\u00f3w medycznych.<\/p>\n<p>Ca\u0142y nasz zesp\u00f3\u0142 jest dost\u0119pny, aby wspiera\u0107 Pa\u0144stwa ju\u017c od fazy projektowania, za po\u015brednictwem naszego dzia\u0142u metodologii, kt\u00f3ry w\u00a0pe\u0142ni korzysta z\u00a0wieloletniej wiedzy technicznej. Nasze us\u0142ugi obejmuj\u0105 produkcj\u0119 prototyp\u00f3w i\u00a0seryjn\u0105, z\u00a0uwzgl\u0119dnieniem wszystkich wymaga\u0144 technicznych, jako\u015bciowych i\u00a0prawnych.<\/p>\n<p>Na zako\u0144czenie, nasze dzia\u0142y jako\u015bci i\u00a0spraw regulacyjnych, korzystaj\u0105c z\u00a0naszej specjalistycznej wiedzy w\u00a0zakresie materia\u0142\u00f3w i\u00a0obr\u00f3bki skrawaniem, b\u0119d\u0105 Pa\u0144stwa wspiera\u0107 i\u00a0odpowiada\u0107 na wszystkie pytania dotycz\u0105ce wytwarzania Pa\u0144stwa produkt\u00f3w.<\/p>\n<p>[\/et_pb_text][et_pb_text _builder_version=\u00a0\u00bb4.14.7&Prime; _module_preset=\u00a0\u00bbdefault\u00a0\u00bb header_2_font=\u00a0\u00bb|||on|||||\u00a0\u00bb header_3_font=\u00a0\u00bb|||on|||||\u00a0\u00bb header_3_text_color=\u00a0\u00bb#077584&Prime; text_orientation=\u00a0\u00bbcenter\u00a0\u00bb hover_enabled=\u00a0\u00bb0&Prime; global_colors_info=\u00a0\u00bb{}\u00a0\u00bb sticky_enabled=\u00a0\u00bb0&Prime;]<\/p>\n<h3><img loading=\"lazy\" src=\"https:\/\/wp-europe.com\/fr\/wp-content\/uploads\/sites\/6\/2021\/01\/favicon-300x298.png\" width=\"41\" height=\"41\" alt=\"\" class=\"wp-image-88 alignnone size-medium\" \/><\/h3>\n<h3><a href=\"https:\/\/wp-europe.com\/fr\/#contact\">Kontact<\/a><\/h3>\n<p><span>Westlake Plastics Europe<\/span><br \/><span>2 rue de Maestricht \u2014 59200 <\/span><span>TOURCOING FRANCE<\/span><\/p>\n<p><span>\u00a0<a href=\"mailto:contact@wp-europe.com\" target=\"_blank\" rel=\"noopener\">contact@wp-europe.com<\/a><\/span><\/p>\n<p><span>T\u00e9l. +33 (0)3 20 68 30 35<\/span><br \/><span>\u00a0Fax + 33 (0)3 20 68 07 05<\/span><\/p>\n<p>[\/et_pb_text][\/et_pb_column][\/et_pb_row][\/et_pb_section]<\/p>\n","protected":false},"excerpt":{"rendered":"<p><div class=\"et_pb_module dsm_lottie dsm_lottie_0\">\n\t\t\t\t\n\t\t\t\t\n\t\t\t\t\n\t\t\t\t\n\t\t\t\t<div class=\"et_pb_module_inner\">\n\t\t\t\t\t<div class=\"dsm_lottie_wrapper\" data-percent-viewport=\"\" data-params=[{\"path\":\"https:\\\/\\\/wp-europe.com\\\/fr\\\/wp-content\\\/uploads\\\/sites\\\/6\\\/2021\\\/03\\\/fleur_1x-1.json\",\"loop\":false,\"loop_no\":\"\",\"delay\":\"0ms\",\"direction\":\"1\",\"speed\":\"1.3\",\"hover\":false,\"trigger\":\"on_hover\",\"scroll\":\"on_hover\",\"mouseout\":\"no_action\",\"viewport\":\"80%\"}]>\n\t\t\t<\/div>\n\t\t\t\t<\/div>\n\t\t\t<\/div>Prezentacja \u00a0Nasza firma jest specjalizuje si\u0119 w\u00a0dziedzinie przerobu polimer\u00f3w na p\u00f3\u0142produkty oraz obr\u00f3bki skrawaniem p\u00f3\u0142produkt\u00f3w z\u00a0tworzyw sztucznych dla przemys\u0142u wyrob\u00f3w medycznych i\u00a0wyposa\u017cenia biofarmaceutycznego. Firma zatrudnia oko\u0142o 160\u00a0os\u00f3b w\u00a0USA i\u00a0Europie, w\u00a0trzech zak\u0142adach produkcyjnych o\u00a0silnej specjalizacji w\u00a0zakresie [&hellip;]<\/p>\n","protected":false},"author":1,"featured_media":0,"parent":0,"menu_order":0,"comment_status":"closed","ping_status":"closed","template":"","meta":{"_et_pb_use_builder":"on","_et_pb_old_content":"","_et_gb_content_width":""},"_links":{"self":[{"href":"https:\/\/wp-europe.com\/fr\/wp-json\/wp\/v2\/pages\/1999"}],"collection":[{"href":"https:\/\/wp-europe.com\/fr\/wp-json\/wp\/v2\/pages"}],"about":[{"href":"https:\/\/wp-europe.com\/fr\/wp-json\/wp\/v2\/types\/page"}],"author":[{"embeddable":true,"href":"https:\/\/wp-europe.com\/fr\/wp-json\/wp\/v2\/users\/1"}],"replies":[{"embeddable":true,"href":"https:\/\/wp-europe.com\/fr\/wp-json\/wp\/v2\/comments?post=1999"}],"version-history":[{"count":7,"href":"https:\/\/wp-europe.com\/fr\/wp-json\/wp\/v2\/pages\/1999\/revisions"}],"predecessor-version":[{"id":3156,"href":"https:\/\/wp-europe.com\/fr\/wp-json\/wp\/v2\/pages\/1999\/revisions\/3156"}],"wp:attachment":[{"href":"https:\/\/wp-europe.com\/fr\/wp-json\/wp\/v2\/media?parent=1999"}],"curies":[{"name":"wp","href":"https:\/\/api.w.org\/{rel}","templated":true}]}}